{"id":224527,"date":"2025-12-28T03:47:49","date_gmt":"2025-12-28T00:47:49","guid":{"rendered":"https:\/\/baldumarket.lt\/product\/meble-norsid-3-zestaw-mlodziezowy\/"},"modified":"2026-02-11T18:38:02","modified_gmt":"2026-02-11T15:38:02","slug":"meble-norsid-3-zestaw-mlodziezowy","status":"publish","type":"product","link":"https:\/\/baldumarket.lt\/lt\/product\/meble-norsid-3-zestaw-mlodziezowy\/","title":{"rendered":"NORSID bald\u0173 komplektas Nr. 3 jaunimui"},"content":{"rendered":"<p>NORSID 3 rinkinys<br \/>\nKomplekt\u0105 sudaro: NORSID 01 ra\u0161omasis stalas su vienomis durel\u0117mis [125\/79\/57], NORSID 09 lentyna su vienomis durel\u0117mis [120\/50\/27], NORSID 06 kavos staliukas [80\/40\/80], NORSID 15 spinta su dvejomis durel\u0117mis [90\/191\/42], NORSID 04 komoda su dvejomis durel\u0117mis [120\/79\/42], NORSID 12 i\u0161traukiama lentyna R [62-80\/152\/40] [cm]<br \/>\nBaldai pagaminti i\u0161 16 mm ir 25 mm storio med\u017eio dro\u017eli\u0173 plok\u0161t\u0117s su ABS briaunomis. Stal\u010diai ir durel\u0117s turi \u0161velnaus u\u017edarymo mechanizm\u0105. Medin\u0117s kojel\u0117s, auk\u0161tis: 18 cm. Sistemos spalv\u0173 variantai: \u0161viesus Sonoma \u0105\u017euolas \/ balta, Artisan \u0105\u017euolas \/ balta, auksinis Craft \u0105\u017euolas \/ balta, Tobaco \u0105\u017euolas \/ balta, tamsus Sonoma \u0105\u017euolas \/ balta, juoda \/ balta<\/p>","protected":false},"excerpt":{"rendered":"<p>NORSID 3 komplektas Komplekt\u0105 sudaro: NORSID 01 vien\u0173 dur\u0173 ra\u0161omasis stalas [125\/79\/57], NORSID 09 vien\u0173 dur\u0173 lentyna [120\/50\/27], NORSID 06 kavos staliukas [80\/40\/80], NORSID 15 dviej\u0173 dur\u0173 spinta [90\/191\/42], NORSID 04 dviej\u0173 dur\u0173 komoda [120\/79\/42], NORSID 12 i\u0161traukiama lentyna R [62-80\/152\/40] [cm] Baldas pagamintas i\u0161 16 mm ir 25 mm storio med\u017eio dro\u017eli\u0173 plok\u0161t\u0117s su ABS apvadu. Stal\u010diai [\u2026]<\/p>","protected":false},"featured_media":224528,"comment_status":"open","ping_status":"open","template":"","meta":[],"product_brand":[],"product_cat":[8386,2008],"product_tag":[],"class_list":{"0":"post-224527","1":"product","2":"type-product","3":"status-publish","4":"has-post-thumbnail","6":"product_cat-meblocross","7":"product_cat-wall-units","9":"first","10":"instock","11":"purchasable","12":"product-type-simple"},"_links":{"self":[{"href":"https:\/\/baldumarket.lt\/lt\/wp-json\/wp\/v2\/product\/224527","targetHints":{"allow":["GET"]}}],"collection":[{"href":"https:\/\/baldumarket.lt\/lt\/wp-json\/wp\/v2\/product"}],"about":[{"href":"https:\/\/baldumarket.lt\/lt\/wp-json\/wp\/v2\/types\/product"}],"replies":[{"embeddable":true,"href":"https:\/\/baldumarket.lt\/lt\/wp-json\/wp\/v2\/comments?post=224527"}],"wp:featuredmedia":[{"embeddable":true,"href":"https:\/\/baldumarket.lt\/lt\/wp-json\/wp\/v2\/media\/224528"}],"wp:attachment":[{"href":"https:\/\/baldumarket.lt\/lt\/wp-json\/wp\/v2\/media?parent=224527"}],"wp:term":[{"taxonomy":"product_brand","embeddable":true,"href":"https:\/\/baldumarket.lt\/lt\/wp-json\/wp\/v2\/product_brand?post=224527"},{"taxonomy":"product_cat","embeddable":true,"href":"https:\/\/baldumarket.lt\/lt\/wp-json\/wp\/v2\/product_cat?post=224527"},{"taxonomy":"product_tag","embeddable":true,"href":"https:\/\/baldumarket.lt\/lt\/wp-json\/wp\/v2\/product_tag?post=224527"}],"curies":[{"name":"wp","href":"https:\/\/api.w.org\/{rel}","templated":true}]}}