{"id":224519,"date":"2025-12-28T03:47:31","date_gmt":"2025-12-28T00:47:31","guid":{"rendered":"https:\/\/baldumarket.lt\/product\/meble-norsid-4-zestaw-pokojowy-mebloscianka\/"},"modified":"2026-02-11T18:38:02","modified_gmt":"2026-02-11T15:38:02","slug":"meble-norsid-4-zestaw-pokojowy-mebloscianka","status":"publish","type":"product","link":"https:\/\/baldumarket.lt\/lt\/product\/meble-norsid-4-zestaw-pokojowy-mebloscianka\/","title":{"rendered":"NORSID baldai #4 svetain\u0117s komplektas su sienine spintele"},"content":{"rendered":"<p>NORSID rinkinys (4 vnt.)<br \/>\nKomplekt\u0105 sudaro: NORSID 03 1D4S komoda [80\/79\/42], NORSID 13 2D2S televizoriaus staliukas [160\/53\/41], NORSID 02 1D2S komoda [80\/79\/42], NORSID 05 4SW komoda [120\/79\/42], NORSID 08 lentyna [50\/160\/25], NORSID 06 kavos staliukas [80\/40\/80] [cm]<br \/>\nBaldai pagaminti i\u0161 16 mm ir 25 mm storio med\u017eio dro\u017eli\u0173 plok\u0161t\u0117s su ABS briaunomis. Stal\u010diai ir durel\u0117s turi \u0161velnaus u\u017edarymo mechanizm\u0105. Medin\u0117s kojel\u0117s, auk\u0161tis: 18 cm. Sistemos spalv\u0173 variantai: \u0161viesus Sonoma \u0105\u017euolas \/ balta, Artisan \u0105\u017euolas \/ balta, auksinis Craft \u0105\u017euolas \/ balta, Tobaco \u0105\u017euolas \/ balta, tamsus Sonoma \u0105\u017euolas \/ balta, juoda \/ balta<\/p>","protected":false},"excerpt":{"rendered":"<p>NORSID 4 vnt. rinkinys Komplekt\u0105 sudaro: NORSID 03 1D4S komoda [80\/79\/42], NORSID 13 2D2S televizoriaus staliukas [160\/53\/41], NORSID 02 1D2S komoda [80\/79\/42], NORSID 05 4SW komoda [120\/79\/42], NORSID 08 lentyna [50\/160\/25], NORSID 06 kavos staliukas [80\/40\/80] [cm] Baldas pagamintas i\u0161 16 mm ir 25 mm storio med\u017eio dro\u017eli\u0173 plok\u0161t\u0117s su [\u2026]<\/p>","protected":false},"featured_media":224520,"comment_status":"open","ping_status":"open","template":"","meta":[],"product_brand":[],"product_cat":[8386,2008],"product_tag":[],"class_list":{"0":"post-224519","1":"product","2":"type-product","3":"status-publish","4":"has-post-thumbnail","6":"product_cat-meblocross","7":"product_cat-wall-units","9":"first","10":"instock","11":"purchasable","12":"product-type-simple"},"_links":{"self":[{"href":"https:\/\/baldumarket.lt\/lt\/wp-json\/wp\/v2\/product\/224519","targetHints":{"allow":["GET"]}}],"collection":[{"href":"https:\/\/baldumarket.lt\/lt\/wp-json\/wp\/v2\/product"}],"about":[{"href":"https:\/\/baldumarket.lt\/lt\/wp-json\/wp\/v2\/types\/product"}],"replies":[{"embeddable":true,"href":"https:\/\/baldumarket.lt\/lt\/wp-json\/wp\/v2\/comments?post=224519"}],"wp:featuredmedia":[{"embeddable":true,"href":"https:\/\/baldumarket.lt\/lt\/wp-json\/wp\/v2\/media\/224520"}],"wp:attachment":[{"href":"https:\/\/baldumarket.lt\/lt\/wp-json\/wp\/v2\/media?parent=224519"}],"wp:term":[{"taxonomy":"product_brand","embeddable":true,"href":"https:\/\/baldumarket.lt\/lt\/wp-json\/wp\/v2\/product_brand?post=224519"},{"taxonomy":"product_cat","embeddable":true,"href":"https:\/\/baldumarket.lt\/lt\/wp-json\/wp\/v2\/product_cat?post=224519"},{"taxonomy":"product_tag","embeddable":true,"href":"https:\/\/baldumarket.lt\/lt\/wp-json\/wp\/v2\/product_tag?post=224519"}],"curies":[{"name":"wp","href":"https:\/\/api.w.org\/{rel}","templated":true}]}}