{"id":224503,"date":"2025-12-28T03:46:57","date_gmt":"2025-12-28T00:46:57","guid":{"rendered":"https:\/\/baldumarket.lt\/product\/meble-norsid-6-przedpokoj-regal-r-1812\/"},"modified":"2026-02-11T18:38:02","modified_gmt":"2026-02-11T15:38:02","slug":"meble-norsid-6-przedpokoj-regal-r-1812","status":"publish","type":"product","link":"https:\/\/baldumarket.lt\/lt\/product\/meble-norsid-6-przedpokoj-regal-r-1812\/","title":{"rendered":"NORSID baldai #6 prie\u0161kambaris + lentyna R [18+12]"},"content":{"rendered":"<p>NORSID 6 vnt. rinkinys<br \/>\nKomplekt\u0105 sudaro: NORSID 18 Prie\u0161kambario lentyna [150\/191\/42] NORSID 12 I\u0161traukiama lentyna D [62-80\/152\/40] [cm]<br \/>\nS\u0117dyn\u0117 yra ekologi\u0161kos sm\u0117lio ir ekologi\u0161kos rudos spalvos. Pra\u0161ome nurodyti spalv\u0105 u\u017esakymo pastabose.<br \/>\nBaldai pagaminti i\u0161 16 mm ir 25 mm storio med\u017eio dro\u017eli\u0173 plok\u0161t\u0117s su ABS apvadais. Stal\u010diai ir durel\u0117s turi \u0161velnaus u\u017edarymo sistem\u0105. Kojel\u0117s medin\u0117s, auk\u0161tis: 18 cm.<br \/>\nSpalv\u0173 variantai: \u0161viesus Sonoma \u0105\u017euolas \/ balta, Artisan \u0105\u017euolas \/ balta, auksinis Craft \u0105\u017euolas \/ balta, Tobaco \u0105\u017euolas \/ balta, tamsus Sonoma \u0105\u017euolas \/ balta, juoda \/ balta<\/p>","protected":false},"excerpt":{"rendered":"<p>NORSID 6 vnt. komplektas Komplekt\u0105 sudaro: NORSID 18 Prie\u0161kambario lentyna [150\/191\/42] NORSID 12 I\u0161traukiama lentyna D [62-80\/152\/40] [cm] S\u0117dyn\u0117 yra ekologi\u0161kos sm\u0117lio ir ekologi\u0161kos rudos spalvos. Spalv\u0105 nurodykite u\u017esakymo pastabose. Baldai pagaminti i\u0161 16 mm ir 25 mm storio med\u017eio dro\u017eli\u0173 plok\u0161t\u0117s su ABS kra\u0161tais. Stal\u010diai ir durel\u0117s turi \u0161velnaus u\u017edarymo mechanizm\u0105 [\u2026]<\/p>","protected":false},"featured_media":224504,"comment_status":"open","ping_status":"open","template":"","meta":[],"product_brand":[],"product_cat":[8386,1987],"product_tag":[],"class_list":{"0":"post-224503","1":"product","2":"type-product","3":"status-publish","4":"has-post-thumbnail","6":"product_cat-meblocross","7":"product_cat-shelving-units","9":"first","10":"instock","11":"purchasable","12":"product-type-simple"},"_links":{"self":[{"href":"https:\/\/baldumarket.lt\/lt\/wp-json\/wp\/v2\/product\/224503","targetHints":{"allow":["GET"]}}],"collection":[{"href":"https:\/\/baldumarket.lt\/lt\/wp-json\/wp\/v2\/product"}],"about":[{"href":"https:\/\/baldumarket.lt\/lt\/wp-json\/wp\/v2\/types\/product"}],"replies":[{"embeddable":true,"href":"https:\/\/baldumarket.lt\/lt\/wp-json\/wp\/v2\/comments?post=224503"}],"wp:featuredmedia":[{"embeddable":true,"href":"https:\/\/baldumarket.lt\/lt\/wp-json\/wp\/v2\/media\/224504"}],"wp:attachment":[{"href":"https:\/\/baldumarket.lt\/lt\/wp-json\/wp\/v2\/media?parent=224503"}],"wp:term":[{"taxonomy":"product_brand","embeddable":true,"href":"https:\/\/baldumarket.lt\/lt\/wp-json\/wp\/v2\/product_brand?post=224503"},{"taxonomy":"product_cat","embeddable":true,"href":"https:\/\/baldumarket.lt\/lt\/wp-json\/wp\/v2\/product_cat?post=224503"},{"taxonomy":"product_tag","embeddable":true,"href":"https:\/\/baldumarket.lt\/lt\/wp-json\/wp\/v2\/product_tag?post=224503"}],"curies":[{"name":"wp","href":"https:\/\/api.w.org\/{rel}","templated":true}]}}