{"id":224414,"date":"2025-12-28T03:43:28","date_gmt":"2025-12-28T00:43:28","guid":{"rendered":"https:\/\/baldumarket.lt\/product\/meble-norsid-09-polka-1d\/"},"modified":"2026-02-11T18:38:03","modified_gmt":"2026-02-11T15:38:03","slug":"meble-norsid-09-polka-1d","status":"publish","type":"product","link":"https:\/\/baldumarket.lt\/lt\/product\/meble-norsid-09-polka-1d\/","title":{"rendered":"NORSID 09 bald\u0173 lentyna 1D"},"content":{"rendered":"<p>NORSID 09 1D lentyna<br \/>\nBaldai pagaminti i\u0161 16 mm ir 25 mm storio med\u017eio dro\u017eli\u0173 plok\u0161t\u0117s su ABS kra\u0161tais. Stal\u010diai ir durel\u0117s turi \u0161velnaus u\u017edarymo mechanizm\u0105. Medin\u0117s kojel\u0117s yra 18 cm auk\u0161\u010dio.<br \/>\nSpalv\u0173 variantai: \u0161viesus Sonoma \u0105\u017euolas \/ balta, Artisan \u0105\u017euolas \/ balta, auksinis Craft \u0105\u017euolas \/ balta, Tobaco \u0105\u017euolas \/ balta, tamsus Sonoma \u0105\u017euolas \/ balta, juoda \/ balta<\/p>","protected":false},"excerpt":{"rendered":"<p>Plotis [cm]: 120<br \/>\nAuk\u0161tis [cm]: 50<br \/>\nGylis [cm]: 27<br \/>\nSvoris [kg]: 13<\/p>","protected":false},"featured_media":224415,"comment_status":"open","ping_status":"open","template":"","meta":[],"product_brand":[],"product_cat":[1174,8386],"product_tag":[],"class_list":{"0":"post-224414","1":"product","2":"type-product","3":"status-publish","4":"has-post-thumbnail","6":"product_cat-hanging-shelves","7":"product_cat-meblocross","9":"first","10":"instock","11":"purchasable","12":"product-type-simple"},"_links":{"self":[{"href":"https:\/\/baldumarket.lt\/lt\/wp-json\/wp\/v2\/product\/224414","targetHints":{"allow":["GET"]}}],"collection":[{"href":"https:\/\/baldumarket.lt\/lt\/wp-json\/wp\/v2\/product"}],"about":[{"href":"https:\/\/baldumarket.lt\/lt\/wp-json\/wp\/v2\/types\/product"}],"replies":[{"embeddable":true,"href":"https:\/\/baldumarket.lt\/lt\/wp-json\/wp\/v2\/comments?post=224414"}],"wp:featuredmedia":[{"embeddable":true,"href":"https:\/\/baldumarket.lt\/lt\/wp-json\/wp\/v2\/media\/224415"}],"wp:attachment":[{"href":"https:\/\/baldumarket.lt\/lt\/wp-json\/wp\/v2\/media?parent=224414"}],"wp:term":[{"taxonomy":"product_brand","embeddable":true,"href":"https:\/\/baldumarket.lt\/lt\/wp-json\/wp\/v2\/product_brand?post=224414"},{"taxonomy":"product_cat","embeddable":true,"href":"https:\/\/baldumarket.lt\/lt\/wp-json\/wp\/v2\/product_cat?post=224414"},{"taxonomy":"product_tag","embeddable":true,"href":"https:\/\/baldumarket.lt\/lt\/wp-json\/wp\/v2\/product_tag?post=224414"}],"curies":[{"name":"wp","href":"https:\/\/api.w.org\/{rel}","templated":true}]}}