{"id":224342,"date":"2025-12-28T03:40:38","date_gmt":"2025-12-28T00:40:38","guid":{"rendered":"https:\/\/baldumarket.lt\/product\/meble-norsid-17-witryna-1d2s\/"},"modified":"2026-02-11T18:38:04","modified_gmt":"2026-02-11T15:38:04","slug":"meble-norsid-17-witryna-1d2s","status":"publish","type":"product","link":"https:\/\/baldumarket.lt\/lt\/product\/meble-norsid-17-witryna-1d2s\/","title":{"rendered":"NORSID 17 bald\u0173 vitrina 1D2S"},"content":{"rendered":"<p>NORSID 17 vitrina 1D2S<br \/>\nBaldai pagaminti i\u0161 16 mm ir 25 mm storio med\u017eio dro\u017eli\u0173 plok\u0161t\u0117s su ABS kra\u0161tais. Stal\u010diai ir durel\u0117s turi \u0161velnaus u\u017edarymo mechanizm\u0105. Medin\u0117s kojel\u0117s yra 18 cm auk\u0161\u010dio.<br \/>\nSpalv\u0173 variantai: \u0161viesus Sonoma \u0105\u017euolas \/ balta, Artisan \u0105\u017euolas \/ balta, auksinis Craft \u0105\u017euolas \/ balta, Tobaco \u0105\u017euolas \/ balta, tamsus Sonoma \u0105\u017euolas \/ balta, juoda \/ balta<\/p>","protected":false},"excerpt":{"rendered":"<p>Plotis [cm]: 90<br \/>\n\u016agis [cm]: 191<br \/>\nGylis [cm]: 42<br \/>\nSvoris [kg]: 73<\/p>","protected":false},"featured_media":224343,"comment_status":"open","ping_status":"open","template":"","meta":[],"product_brand":[],"product_cat":[8386,2006],"product_tag":[],"class_list":{"0":"post-224342","1":"product","2":"type-product","3":"status-publish","4":"has-post-thumbnail","6":"product_cat-meblocross","7":"product_cat-vitrines","9":"first","10":"instock","11":"purchasable","12":"product-type-simple"},"_links":{"self":[{"href":"https:\/\/baldumarket.lt\/lt\/wp-json\/wp\/v2\/product\/224342","targetHints":{"allow":["GET"]}}],"collection":[{"href":"https:\/\/baldumarket.lt\/lt\/wp-json\/wp\/v2\/product"}],"about":[{"href":"https:\/\/baldumarket.lt\/lt\/wp-json\/wp\/v2\/types\/product"}],"replies":[{"embeddable":true,"href":"https:\/\/baldumarket.lt\/lt\/wp-json\/wp\/v2\/comments?post=224342"}],"wp:featuredmedia":[{"embeddable":true,"href":"https:\/\/baldumarket.lt\/lt\/wp-json\/wp\/v2\/media\/224343"}],"wp:attachment":[{"href":"https:\/\/baldumarket.lt\/lt\/wp-json\/wp\/v2\/media?parent=224342"}],"wp:term":[{"taxonomy":"product_brand","embeddable":true,"href":"https:\/\/baldumarket.lt\/lt\/wp-json\/wp\/v2\/product_brand?post=224342"},{"taxonomy":"product_cat","embeddable":true,"href":"https:\/\/baldumarket.lt\/lt\/wp-json\/wp\/v2\/product_cat?post=224342"},{"taxonomy":"product_tag","embeddable":true,"href":"https:\/\/baldumarket.lt\/lt\/wp-json\/wp\/v2\/product_tag?post=224342"}],"curies":[{"name":"wp","href":"https:\/\/api.w.org\/{rel}","templated":true}]}}