{"id":224326,"date":"2025-12-28T03:39:58","date_gmt":"2025-12-28T00:39:58","guid":{"rendered":"https:\/\/baldumarket.lt\/product\/meble-prp1-przedpokoj-garderoba\/"},"modified":"2026-02-11T18:38:04","modified_gmt":"2026-02-11T15:38:04","slug":"meble-prp1-przedpokoj-garderoba","status":"publish","type":"product","link":"https:\/\/baldumarket.lt\/lt\/product\/meble-prp1-przedpokoj-garderoba\/","title":{"rendered":"PRP1 bald\u0173 prie\u0161kambario spinta"},"content":{"rendered":"<p>PRP1 koridorius<br \/>\nSpalvos:<br \/>\n\u2013 Tobaco Craft \u0105\u017euolo \/ kremo spalvos<br \/>\n\u2013 Tabako dirbini\u0173 \u0105\u017euolas \/ Auksinis dirbini\u0173 \u0105\u017euolas<br \/>\n\u2013 Wallis slyva \/ balta<br \/>\n\u2013 \u0160viesus Sonoma \u0105\u017euolas \/ balta<\/p>","protected":false},"excerpt":{"rendered":"<p>Plotis [cm]: 155<br \/>\nAuk\u0161tis [cm]: 190<br \/>\nGylis [cm]: 28<\/p>","protected":false},"featured_media":224327,"comment_status":"open","ping_status":"open","template":"","meta":[],"product_brand":[],"product_cat":[8386,1177],"product_tag":[],"class_list":{"0":"post-224326","1":"product","2":"type-product","3":"status-publish","4":"has-post-thumbnail","6":"product_cat-meblocross","7":"product_cat-wardrobes","9":"first","10":"instock","11":"purchasable","12":"product-type-simple"},"_links":{"self":[{"href":"https:\/\/baldumarket.lt\/lt\/wp-json\/wp\/v2\/product\/224326","targetHints":{"allow":["GET"]}}],"collection":[{"href":"https:\/\/baldumarket.lt\/lt\/wp-json\/wp\/v2\/product"}],"about":[{"href":"https:\/\/baldumarket.lt\/lt\/wp-json\/wp\/v2\/types\/product"}],"replies":[{"embeddable":true,"href":"https:\/\/baldumarket.lt\/lt\/wp-json\/wp\/v2\/comments?post=224326"}],"wp:featuredmedia":[{"embeddable":true,"href":"https:\/\/baldumarket.lt\/lt\/wp-json\/wp\/v2\/media\/224327"}],"wp:attachment":[{"href":"https:\/\/baldumarket.lt\/lt\/wp-json\/wp\/v2\/media?parent=224326"}],"wp:term":[{"taxonomy":"product_brand","embeddable":true,"href":"https:\/\/baldumarket.lt\/lt\/wp-json\/wp\/v2\/product_brand?post=224326"},{"taxonomy":"product_cat","embeddable":true,"href":"https:\/\/baldumarket.lt\/lt\/wp-json\/wp\/v2\/product_cat?post=224326"},{"taxonomy":"product_tag","embeddable":true,"href":"https:\/\/baldumarket.lt\/lt\/wp-json\/wp\/v2\/product_tag?post=224326"}],"curies":[{"name":"wp","href":"https:\/\/api.w.org\/{rel}","templated":true}]}}