{"id":224310,"date":"2025-12-28T03:39:14","date_gmt":"2025-12-28T00:39:14","guid":{"rendered":"https:\/\/baldumarket.lt\/product\/meble-ringo-1-zestaw-pokojowy-mebloscianka\/"},"modified":"2026-02-11T18:38:04","modified_gmt":"2026-02-11T15:38:04","slug":"meble-ringo-1-zestaw-pokojowy-mebloscianka","status":"publish","type":"product","link":"https:\/\/baldumarket.lt\/lt\/product\/meble-ringo-1-zestaw-pokojowy-mebloscianka\/","title":{"rendered":"RINGO bald\u0173 komplektas Nr. 1, sienin\u0117 svetain\u0117s spintel\u0117"},"content":{"rendered":"<p>RINGO-MC 1 rinkinys<br \/>\n\u012e rinkin\u012f \u012feina:<br \/>\n\u2013 RINGO-MC _07 1 dur\u0173 sienin\u0117 spintel\u0117<br \/>\n\u2013 RINGO-MC _04 TV staliukas<br \/>\n\u2013 RINGO-MC _05 2 dur\u0173 televizoriaus staliukas<br \/>\n\u2013 RINGO-MC _02 kavos staliukas<br \/>\n\u2013 RINGO-MC _01 komoda su 4 durel\u0117mis<br \/>\nSpalvos:<br \/>\n\u2013 Balta \/ Auksin\u0117<br \/>\n\u2013 \u0160viesi Sonoma \/ Tamsi Sonoma<br \/>\n\u2013 Balta \/ Blizgi juoda<br \/>\n\u2013 \u0160viesi Sonoma \/ Blizgi balta<br \/>\n\u2013 Slyv\u0173 \/ Blizgi juoda<br \/>\n\u2013 Burgundi\u0161ko \u0105\u017euolo \/ Blizgios baltos spalvos<\/p>","protected":false},"excerpt":{"rendered":"<p>RINGO-MC 1 komplektas Komplekt\u0105 sudaro: \u2013 RINGO-MC _07 1 dur\u0173 sienin\u0117 spintel\u0117 \u2013 RINGO-MC _04 TV staliukas \u2013 RINGO-MC _05 2 dur\u0173 TV staliukas \u2013 RINGO-MC _02 kavos staliukas \u2013 RINGO-MC _01 4 dur\u0173 komoda Spalvos: \u2013 Balta \/ Auksin\u0117 \u2013 \u0160viesi Sonoma \/ Tamsi Sonoma \u2013 Balta \/ Blizgi juoda \u2013 \u0160viesi [\u2026]<\/p>","protected":false},"featured_media":224311,"comment_status":"open","ping_status":"open","template":"","meta":[],"product_brand":[],"product_cat":[8386,2008],"product_tag":[],"class_list":{"0":"post-224310","1":"product","2":"type-product","3":"status-publish","4":"has-post-thumbnail","6":"product_cat-meblocross","7":"product_cat-wall-units","9":"first","10":"instock","11":"purchasable","12":"product-type-simple"},"_links":{"self":[{"href":"https:\/\/baldumarket.lt\/lt\/wp-json\/wp\/v2\/product\/224310","targetHints":{"allow":["GET"]}}],"collection":[{"href":"https:\/\/baldumarket.lt\/lt\/wp-json\/wp\/v2\/product"}],"about":[{"href":"https:\/\/baldumarket.lt\/lt\/wp-json\/wp\/v2\/types\/product"}],"replies":[{"embeddable":true,"href":"https:\/\/baldumarket.lt\/lt\/wp-json\/wp\/v2\/comments?post=224310"}],"wp:featuredmedia":[{"embeddable":true,"href":"https:\/\/baldumarket.lt\/lt\/wp-json\/wp\/v2\/media\/224311"}],"wp:attachment":[{"href":"https:\/\/baldumarket.lt\/lt\/wp-json\/wp\/v2\/media?parent=224310"}],"wp:term":[{"taxonomy":"product_brand","embeddable":true,"href":"https:\/\/baldumarket.lt\/lt\/wp-json\/wp\/v2\/product_brand?post=224310"},{"taxonomy":"product_cat","embeddable":true,"href":"https:\/\/baldumarket.lt\/lt\/wp-json\/wp\/v2\/product_cat?post=224310"},{"taxonomy":"product_tag","embeddable":true,"href":"https:\/\/baldumarket.lt\/lt\/wp-json\/wp\/v2\/product_tag?post=224310"}],"curies":[{"name":"wp","href":"https:\/\/api.w.org\/{rel}","templated":true}]}}