{"id":224301,"date":"2025-12-28T03:38:50","date_gmt":"2025-12-28T00:38:50","guid":{"rendered":"https:\/\/baldumarket.lt\/product\/meble-ringo-2-zestaw-pokojowy-mebloscianka\/"},"modified":"2026-02-11T18:38:04","modified_gmt":"2026-02-11T15:38:04","slug":"meble-ringo-2-zestaw-pokojowy-mebloscianka","status":"publish","type":"product","link":"https:\/\/baldumarket.lt\/lt\/product\/meble-ringo-2-zestaw-pokojowy-mebloscianka\/","title":{"rendered":"RINGO bald\u0173 komplektas Nr. 2 su sienine spintele"},"content":{"rendered":"<p>RINGO-MC 2 vnt. rinkinys<br \/>\n\u012e rinkin\u012f \u012feina:<br \/>\n\u2013 RINGO-MC _07 1-D sienin\u0117 spintel\u0117<br \/>\n\u2013 RINGO-MC _04 TV staliukas<br \/>\n\u2013 RINGO-MC _05 2D televizoriaus stovas<br \/>\nSpalvos:<br \/>\n\u2013 Balta \/ Auksin\u0117<br \/>\n\u2013 \u0160viesi Sonoma \/ Tamsi Sonoma<br \/>\n\u2013 Balta \/ Blizgi juoda<br \/>\n\u2013 \u0160viesi Sonoma \/ Blizgi balta<br \/>\n\u2013 Slyv\u0173 \/ Blizgi juoda<br \/>\n\u2013 Burgundi\u0161ko \u0105\u017euolo \/ Blizgios baltos spalvos<\/p>","protected":false},"excerpt":{"rendered":"<p>RINGO-MC 2 vnt. rinkinys Komplekt\u0105 sudaro: \u2013 RINGO-MC _07 1D sienin\u0117 spintel\u0117 \u2013 RINGO-MC _04 TV staliukas \u2013 RINGO-MC _05 2D TV staliukas Spalvos: \u2013 Balta \/ Auksin\u0117 \u2013 \u0160viesi Sonoma \/ Tamsi Sonoma \u2013 Balta \/ Blizgi juoda \u2013 \u0160viesi Sonoma \/ Blizgi balta \u2013 Slyv\u0173 \/ Blizgi juoda \u2013 Burgundijos [\u2026]<\/p>","protected":false},"featured_media":224302,"comment_status":"open","ping_status":"open","template":"","meta":[],"product_brand":[],"product_cat":[8386,2008],"product_tag":[],"class_list":{"0":"post-224301","1":"product","2":"type-product","3":"status-publish","4":"has-post-thumbnail","6":"product_cat-meblocross","7":"product_cat-wall-units","9":"first","10":"instock","11":"purchasable","12":"product-type-simple"},"_links":{"self":[{"href":"https:\/\/baldumarket.lt\/lt\/wp-json\/wp\/v2\/product\/224301","targetHints":{"allow":["GET"]}}],"collection":[{"href":"https:\/\/baldumarket.lt\/lt\/wp-json\/wp\/v2\/product"}],"about":[{"href":"https:\/\/baldumarket.lt\/lt\/wp-json\/wp\/v2\/types\/product"}],"replies":[{"embeddable":true,"href":"https:\/\/baldumarket.lt\/lt\/wp-json\/wp\/v2\/comments?post=224301"}],"wp:featuredmedia":[{"embeddable":true,"href":"https:\/\/baldumarket.lt\/lt\/wp-json\/wp\/v2\/media\/224302"}],"wp:attachment":[{"href":"https:\/\/baldumarket.lt\/lt\/wp-json\/wp\/v2\/media?parent=224301"}],"wp:term":[{"taxonomy":"product_brand","embeddable":true,"href":"https:\/\/baldumarket.lt\/lt\/wp-json\/wp\/v2\/product_brand?post=224301"},{"taxonomy":"product_cat","embeddable":true,"href":"https:\/\/baldumarket.lt\/lt\/wp-json\/wp\/v2\/product_cat?post=224301"},{"taxonomy":"product_tag","embeddable":true,"href":"https:\/\/baldumarket.lt\/lt\/wp-json\/wp\/v2\/product_tag?post=224301"}],"curies":[{"name":"wp","href":"https:\/\/api.w.org\/{rel}","templated":true}]}}