{"id":224292,"date":"2025-12-28T03:38:31","date_gmt":"2025-12-28T00:38:31","guid":{"rendered":"https:\/\/baldumarket.lt\/product\/meble-ringo-3-zestaw-pokojowy-mebloscianka\/"},"modified":"2026-02-11T18:38:04","modified_gmt":"2026-02-11T15:38:04","slug":"meble-ringo-3-zestaw-pokojowy-mebloscianka","status":"publish","type":"product","link":"https:\/\/baldumarket.lt\/lt\/product\/meble-ringo-3-zestaw-pokojowy-mebloscianka\/","title":{"rendered":"RINGO baldai #3 svetain\u0117s komplektas su sienine spintele"},"content":{"rendered":"<p>RINGO-MC 3 vnt. rinkinys<br \/>\n\u012e rinkin\u012f \u012feina:<br \/>\n\u2013 RINGO-MC _03 D formos lentyna<br \/>\n\u2013 RINGO-MC _05 2 dur\u0173 televizoriaus staliukas<br \/>\n\u2013 RINGO-MC _06 1 dur\u0173 spinta<br \/>\n\u2013 RINGO-MC _08 vitrina<br \/>\nSpalvos:<br \/>\n\u2013 Balta \/ Auksin\u0117<br \/>\n\u2013 \u0160viesi Sonoma \/ Tamsi Sonoma<br \/>\n\u2013 Balta \/ Blizgi juoda<br \/>\n\u2013 \u0160viesi Sonoma \/ Blizgi balta<br \/>\n\u2013 Slyv\u0173 \/ Blizgi juoda<br \/>\n\u2013 Burgundi\u0161ko \u0105\u017euolo \/ Blizgios baltos spalvos<\/p>","protected":false},"excerpt":{"rendered":"<p>RINGO-MC 3 vnt. rinkinys Komplekt\u0105 sudaro: \u2013 RINGO-MC _03 D formos lentyna \u2013 RINGO-MC _05 Dviej\u0173 dur\u0173 TV staliukas \u2013 RINGO-MC _06 Vien\u0173 dur\u0173 spinta \u2013 RINGO-MC _08 Vitrina Spalvos: \u2013 Balta \/ Auksin\u0117 \u2013 \u0160viesi Sonoma \/ Tamsi Sonoma \u2013 Balta \/ Blizgi juoda \u2013 \u0160viesi Sonoma \/ Blizgi balta \u2013 Slyv\u0173 \/ [\u2026]<\/p>","protected":false},"featured_media":224293,"comment_status":"open","ping_status":"open","template":"","meta":[],"product_brand":[],"product_cat":[8386,2008],"product_tag":[],"class_list":{"0":"post-224292","1":"product","2":"type-product","3":"status-publish","4":"has-post-thumbnail","6":"product_cat-meblocross","7":"product_cat-wall-units","9":"first","10":"instock","11":"purchasable","12":"product-type-simple"},"_links":{"self":[{"href":"https:\/\/baldumarket.lt\/lt\/wp-json\/wp\/v2\/product\/224292","targetHints":{"allow":["GET"]}}],"collection":[{"href":"https:\/\/baldumarket.lt\/lt\/wp-json\/wp\/v2\/product"}],"about":[{"href":"https:\/\/baldumarket.lt\/lt\/wp-json\/wp\/v2\/types\/product"}],"replies":[{"embeddable":true,"href":"https:\/\/baldumarket.lt\/lt\/wp-json\/wp\/v2\/comments?post=224292"}],"wp:featuredmedia":[{"embeddable":true,"href":"https:\/\/baldumarket.lt\/lt\/wp-json\/wp\/v2\/media\/224293"}],"wp:attachment":[{"href":"https:\/\/baldumarket.lt\/lt\/wp-json\/wp\/v2\/media?parent=224292"}],"wp:term":[{"taxonomy":"product_brand","embeddable":true,"href":"https:\/\/baldumarket.lt\/lt\/wp-json\/wp\/v2\/product_brand?post=224292"},{"taxonomy":"product_cat","embeddable":true,"href":"https:\/\/baldumarket.lt\/lt\/wp-json\/wp\/v2\/product_cat?post=224292"},{"taxonomy":"product_tag","embeddable":true,"href":"https:\/\/baldumarket.lt\/lt\/wp-json\/wp\/v2\/product_tag?post=224292"}],"curies":[{"name":"wp","href":"https:\/\/api.w.org\/{rel}","templated":true}]}}