{"id":224283,"date":"2025-12-28T03:38:12","date_gmt":"2025-12-28T00:38:12","guid":{"rendered":"https:\/\/baldumarket.lt\/product\/meble-ringo-4-zestaw-pokojowy-mebloscianka\/"},"modified":"2026-02-11T18:38:04","modified_gmt":"2026-02-11T15:38:04","slug":"meble-ringo-4-zestaw-pokojowy-mebloscianka","status":"publish","type":"product","link":"https:\/\/baldumarket.lt\/lt\/product\/meble-ringo-4-zestaw-pokojowy-mebloscianka\/","title":{"rendered":"RINGO baldai #4 svetain\u0117s komplektas su sienine spintele"},"content":{"rendered":"<p>RINGO-MC 4 vnt. rinkinys<br \/>\n\u012e rinkin\u012f \u012feina:<br \/>\n\u2013 RINGO-MC_15 1-D lentyna<br \/>\n\u2013 RINGO-MC_17 2D lentyn\u0173 blokas<br \/>\n\u2013 RINGO-MC_21 1-D televizoriaus stovas<br \/>\n\u2013 RINGO-MC_23 2-D prie sienos pakabinama spintel\u0117<br \/>\n\u2013 RINGO-MC_02 kavos staliukas<br \/>\n\u2013 RINGO-MC_11 komoda su 4 stal\u010diais<br \/>\nSpalvos:<br \/>\n\u2013 Balta \/ Auksin\u0117<br \/>\n\u2013 \u0160viesi Sonoma \/ Tamsi Sonoma<br \/>\n\u2013 Balta \/ Blizgi juoda<br \/>\n\u2013 \u0160viesi Sonoma \/ Blizgi balta<br \/>\n\u2013 Slyv\u0173 \/ Blizgi juoda<br \/>\n\u2013 Burgundi\u0161ko \u0105\u017euolo \/ Blizgios baltos spalvos<\/p>","protected":false},"excerpt":{"rendered":"<p>RINGO-MC (4 vnt. rinkinys) Rinkin\u012f sudaro: \u2013 RINGO-MC_15 1 matmen\u0173 lentyna \u2013 RINGO-MC_17 2 matmen\u0173 lentyna \u2013 RINGO-MC_21 1 matmen\u0173 televizoriaus staliukas \u2013 RINGO-MC_23 2 matmen\u0173 pakabinama spintel\u0117 \u2013 RINGO-MC_02 kavos staliukas \u2013 RINGO-MC_11 komoda su 4 stal\u010diais Spalvos: \u2013 balta \/ auksin\u0117 \u2013 \u0161viesi sonoma \/ tamsi sonoma \u2013 balta \/ blizgi juoda [\u2026]<\/p>","protected":false},"featured_media":224284,"comment_status":"open","ping_status":"open","template":"","meta":[],"product_brand":[],"product_cat":[8386,2008],"product_tag":[],"class_list":{"0":"post-224283","1":"product","2":"type-product","3":"status-publish","4":"has-post-thumbnail","6":"product_cat-meblocross","7":"product_cat-wall-units","9":"first","10":"instock","11":"purchasable","12":"product-type-simple"},"_links":{"self":[{"href":"https:\/\/baldumarket.lt\/lt\/wp-json\/wp\/v2\/product\/224283","targetHints":{"allow":["GET"]}}],"collection":[{"href":"https:\/\/baldumarket.lt\/lt\/wp-json\/wp\/v2\/product"}],"about":[{"href":"https:\/\/baldumarket.lt\/lt\/wp-json\/wp\/v2\/types\/product"}],"replies":[{"embeddable":true,"href":"https:\/\/baldumarket.lt\/lt\/wp-json\/wp\/v2\/comments?post=224283"}],"wp:featuredmedia":[{"embeddable":true,"href":"https:\/\/baldumarket.lt\/lt\/wp-json\/wp\/v2\/media\/224284"}],"wp:attachment":[{"href":"https:\/\/baldumarket.lt\/lt\/wp-json\/wp\/v2\/media?parent=224283"}],"wp:term":[{"taxonomy":"product_brand","embeddable":true,"href":"https:\/\/baldumarket.lt\/lt\/wp-json\/wp\/v2\/product_brand?post=224283"},{"taxonomy":"product_cat","embeddable":true,"href":"https:\/\/baldumarket.lt\/lt\/wp-json\/wp\/v2\/product_cat?post=224283"},{"taxonomy":"product_tag","embeddable":true,"href":"https:\/\/baldumarket.lt\/lt\/wp-json\/wp\/v2\/product_tag?post=224283"}],"curies":[{"name":"wp","href":"https:\/\/api.w.org\/{rel}","templated":true}]}}