{"id":224262,"date":"2025-12-28T03:37:19","date_gmt":"2025-12-28T00:37:19","guid":{"rendered":"https:\/\/baldumarket.lt\/product\/meble-ringo-_02-lawa-z-szufladami\/"},"modified":"2026-02-11T18:38:04","modified_gmt":"2026-02-11T15:38:04","slug":"meble-ringo-_02-lawa-z-szufladami","status":"publish","type":"product","link":"https:\/\/baldumarket.lt\/lt\/product\/meble-ringo-_02-lawa-z-szufladami\/","title":{"rendered":"RINGO baldai _02 kavos staliukas su stal\u010diais"},"content":{"rendered":"<p>RINGO-MC _02 Kavos staliukas su stal\u010diais<br \/>\nSpalvos:<br \/>\n\u2013 Balta \/ Auksin\u0117<br \/>\n\u2013 \u0160viesi Sonoma \/ Tamsi Sonoma<br \/>\n\u2013 Balta \/ Blizgi juoda<br \/>\n\u2013 \u0160viesi Sonoma \/ Blizgi balta<br \/>\n\u2013 Slyv\u0173 \/ Blizgi juoda<br \/>\n\u2013 Burgundi\u0161ko \u0105\u017euolo \/ Blizgios baltos spalvos<\/p>","protected":false},"excerpt":{"rendered":"<p>Plotis [cm]: 90<br \/>\nAuk\u0161tis [cm]: 34<br \/>\nGylis [cm]: 94<br \/>\nSvoris [kg]: 37<\/p>","protected":false},"featured_media":224263,"comment_status":"open","ping_status":"open","template":"","meta":[],"product_brand":[],"product_cat":[866,8386],"product_tag":[],"class_list":{"0":"post-224262","1":"product","2":"type-product","3":"status-publish","4":"has-post-thumbnail","6":"product_cat-coffee-tables","7":"product_cat-meblocross","9":"first","10":"instock","11":"purchasable","12":"product-type-simple"},"_links":{"self":[{"href":"https:\/\/baldumarket.lt\/lt\/wp-json\/wp\/v2\/product\/224262","targetHints":{"allow":["GET"]}}],"collection":[{"href":"https:\/\/baldumarket.lt\/lt\/wp-json\/wp\/v2\/product"}],"about":[{"href":"https:\/\/baldumarket.lt\/lt\/wp-json\/wp\/v2\/types\/product"}],"replies":[{"embeddable":true,"href":"https:\/\/baldumarket.lt\/lt\/wp-json\/wp\/v2\/comments?post=224262"}],"wp:featuredmedia":[{"embeddable":true,"href":"https:\/\/baldumarket.lt\/lt\/wp-json\/wp\/v2\/media\/224263"}],"wp:attachment":[{"href":"https:\/\/baldumarket.lt\/lt\/wp-json\/wp\/v2\/media?parent=224262"}],"wp:term":[{"taxonomy":"product_brand","embeddable":true,"href":"https:\/\/baldumarket.lt\/lt\/wp-json\/wp\/v2\/product_brand?post=224262"},{"taxonomy":"product_cat","embeddable":true,"href":"https:\/\/baldumarket.lt\/lt\/wp-json\/wp\/v2\/product_cat?post=224262"},{"taxonomy":"product_tag","embeddable":true,"href":"https:\/\/baldumarket.lt\/lt\/wp-json\/wp\/v2\/product_tag?post=224262"}],"curies":[{"name":"wp","href":"https:\/\/api.w.org\/{rel}","templated":true}]}}