{"id":224121,"date":"2025-12-28T03:31:32","date_gmt":"2025-12-28T00:31:32","guid":{"rendered":"https:\/\/baldumarket.lt\/product\/meble-vens-1-zestaw-pokojowy-mebloscianka\/"},"modified":"2026-02-11T18:38:06","modified_gmt":"2026-02-11T15:38:06","slug":"meble-vens-1-zestaw-pokojowy-mebloscianka","status":"publish","type":"product","link":"https:\/\/baldumarket.lt\/lt\/product\/meble-vens-1-zestaw-pokojowy-mebloscianka\/","title":{"rendered":"VENS bald\u0173 komplektas Nr. 1, sienin\u0117 svetain\u0117s spintel\u0117"},"content":{"rendered":"<p>VENS 1 rinkinys<br \/>\nKomplekt\u0105 sudaro: komoda VENS 02 2-D 4S [120\/89\/40], VENS 09 3-D lentyna [120\/174\/40], VENS 11 2-D televizoriaus staliukas [160\/57\/40], 2x VENS 16 1DPZ sienin\u0117s spintel\u0117s [80\/40\/30], VENS 06 ma\u017eas kavos staliukas [80\/46\/84] [cm]<br \/>\nBaldai pagaminti i\u0161 16 mm storio med\u017eio dro\u017eli\u0173 plok\u0161t\u0117s su ABS briaunomis. Stal\u010diai ir durel\u0117s turi \u0161velnaus u\u017edarymo sistem\u0105. Kojel\u0117s medin\u0117s, auk\u0161tis: 18 cm.<br \/>\nSpalv\u0173 variantai: balta \/ blizgi balta, Tobaco \u0105\u017euolas \/ baltas \u0105\u017euolas, juoda \/ blizgi balta, Burgundijos \u0105\u017euolas \/ blizgi balta, \u0161viesus Sonoma \u0105\u017euolas \/ blizgi balta<\/p>","protected":false},"excerpt":{"rendered":"<p>VENS 1 komplektas Komplekt\u0105 sudaro: komoda VENS 02 2-D 4S [120\/89\/40], VENS 09 3-D lentyna [120\/174\/40], VENS 11 2-D televizoriaus staliukas [160\/57\/40], 2x VENS 16 1DPZ sienin\u0117s spintel\u0117s [80\/40\/30], VENS 06 ma\u017eas kavos staliukas [80\/46\/84] [cm] Baldas pagamintas i\u0161 16 mm storio med\u017eio dro\u017eli\u0173 plok\u0161t\u0117s su ABS kra\u0161tais. Stal\u010diai ir durel\u0117s [\u2026]<\/p>","protected":false},"featured_media":224122,"comment_status":"open","ping_status":"open","template":"","meta":[],"product_brand":[],"product_cat":[8386,2008],"product_tag":[],"class_list":{"0":"post-224121","1":"product","2":"type-product","3":"status-publish","4":"has-post-thumbnail","6":"product_cat-meblocross","7":"product_cat-wall-units","9":"first","10":"instock","11":"purchasable","12":"product-type-simple"},"_links":{"self":[{"href":"https:\/\/baldumarket.lt\/lt\/wp-json\/wp\/v2\/product\/224121","targetHints":{"allow":["GET"]}}],"collection":[{"href":"https:\/\/baldumarket.lt\/lt\/wp-json\/wp\/v2\/product"}],"about":[{"href":"https:\/\/baldumarket.lt\/lt\/wp-json\/wp\/v2\/types\/product"}],"replies":[{"embeddable":true,"href":"https:\/\/baldumarket.lt\/lt\/wp-json\/wp\/v2\/comments?post=224121"}],"wp:featuredmedia":[{"embeddable":true,"href":"https:\/\/baldumarket.lt\/lt\/wp-json\/wp\/v2\/media\/224122"}],"wp:attachment":[{"href":"https:\/\/baldumarket.lt\/lt\/wp-json\/wp\/v2\/media?parent=224121"}],"wp:term":[{"taxonomy":"product_brand","embeddable":true,"href":"https:\/\/baldumarket.lt\/lt\/wp-json\/wp\/v2\/product_brand?post=224121"},{"taxonomy":"product_cat","embeddable":true,"href":"https:\/\/baldumarket.lt\/lt\/wp-json\/wp\/v2\/product_cat?post=224121"},{"taxonomy":"product_tag","embeddable":true,"href":"https:\/\/baldumarket.lt\/lt\/wp-json\/wp\/v2\/product_tag?post=224121"}],"curies":[{"name":"wp","href":"https:\/\/api.w.org\/{rel}","templated":true}]}}