{"id":224077,"date":"2025-12-28T03:29:37","date_gmt":"2025-12-28T00:29:37","guid":{"rendered":"https:\/\/baldumarket.lt\/product\/meble-vens-03-komoda-4d\/"},"modified":"2026-02-11T18:38:06","modified_gmt":"2026-02-11T15:38:06","slug":"meble-vens-03-komoda-4d","status":"publish","type":"product","link":"https:\/\/baldumarket.lt\/lt\/product\/meble-vens-03-komoda-4d\/","title":{"rendered":"VENS 03 baldai 4D komoda"},"content":{"rendered":"<p>VENS 03 4-D komoda<br \/>\nBaldai pagaminti i\u0161 16 mm storio med\u017eio dro\u017eli\u0173 plok\u0161t\u0117s su ABS kra\u0161tais. Stal\u010diai ir durel\u0117s turi \u0161velnaus u\u017edarymo mechanizm\u0105. Medin\u0117s kojel\u0117s yra 18 cm auk\u0161\u010dio.<br \/>\nSpalv\u0173 variantai: balta \/ blizgi balta, Tobaco \u0105\u017euolas \/ baltas \u0105\u017euolas, juoda \/ blizgi balta, Burgundijos \u0105\u017euolas \/ blizgi balta, \u0161viesus Sonoma \u0105\u017euolas \/ blizgi balta<\/p>","protected":false},"excerpt":{"rendered":"<p>Plotis [cm]: 240<br \/>\nAuk\u0161tis [cm]: 89<br \/>\nGylis [cm]: 40<br \/>\nSvoris [kg]: 66<\/p>","protected":false},"featured_media":224078,"comment_status":"open","ping_status":"open","template":"","meta":[],"product_brand":[],"product_cat":[1173,8386],"product_tag":[],"class_list":{"0":"post-224077","1":"product","2":"type-product","3":"status-publish","4":"has-post-thumbnail","6":"product_cat-chests-of-drawers","7":"product_cat-meblocross","9":"first","10":"instock","11":"purchasable","12":"product-type-simple"},"_links":{"self":[{"href":"https:\/\/baldumarket.lt\/lt\/wp-json\/wp\/v2\/product\/224077","targetHints":{"allow":["GET"]}}],"collection":[{"href":"https:\/\/baldumarket.lt\/lt\/wp-json\/wp\/v2\/product"}],"about":[{"href":"https:\/\/baldumarket.lt\/lt\/wp-json\/wp\/v2\/types\/product"}],"replies":[{"embeddable":true,"href":"https:\/\/baldumarket.lt\/lt\/wp-json\/wp\/v2\/comments?post=224077"}],"wp:featuredmedia":[{"embeddable":true,"href":"https:\/\/baldumarket.lt\/lt\/wp-json\/wp\/v2\/media\/224078"}],"wp:attachment":[{"href":"https:\/\/baldumarket.lt\/lt\/wp-json\/wp\/v2\/media?parent=224077"}],"wp:term":[{"taxonomy":"product_brand","embeddable":true,"href":"https:\/\/baldumarket.lt\/lt\/wp-json\/wp\/v2\/product_brand?post=224077"},{"taxonomy":"product_cat","embeddable":true,"href":"https:\/\/baldumarket.lt\/lt\/wp-json\/wp\/v2\/product_cat?post=224077"},{"taxonomy":"product_tag","embeddable":true,"href":"https:\/\/baldumarket.lt\/lt\/wp-json\/wp\/v2\/product_tag?post=224077"}],"curies":[{"name":"wp","href":"https:\/\/api.w.org\/{rel}","templated":true}]}}