{"id":224061,"date":"2025-12-28T03:29:02","date_gmt":"2025-12-28T00:29:02","guid":{"rendered":"https:\/\/baldumarket.lt\/product\/meble-vens-05-lawa-duza\/"},"modified":"2026-05-08T15:12:49","modified_gmt":"2026-05-08T12:12:49","slug":"meble-vens-05-lawa-duza","status":"publish","type":"product","link":"https:\/\/baldumarket.lt\/lt\/product\/meble-vens-05-lawa-duza\/","title":{"rendered":"SVEN 05 baldai, didelis kavos staliukas"},"content":{"rendered":"<p>VENS 05 didelis kavos staliukas su dviem durel\u0117mis<br \/>\nBaldai pagaminti i\u0161 16 mm storio med\u017eio dro\u017eli\u0173 plok\u0161t\u0117s su ABS kra\u0161tais. Stal\u010diai ir durel\u0117s turi \u0161velnaus u\u017edarymo mechanizm\u0105. Kojel\u0117s medin\u0117s, auk\u0161tis: 18 cm.<br \/>\nSpalv\u0173 variantai: balta \/ blizgi balta, Tobaco \u0105\u017euolas \/ baltas \u0105\u017euolas, juoda \/ blizgi balta, Burgundijos \u0105\u017euolas \/ blizgi balta, \u0161viesus Sonoma \u0105\u017euolas \/ blizgi balta<\/p>","protected":false},"excerpt":{"rendered":"<p>Plotis [cm]: 120<br \/>\nAuk\u0161tis [cm]: 46<br \/>\nGylis [cm]: 69<br \/>\nSvoris [kg]: 27<\/p>","protected":false},"featured_media":224062,"comment_status":"open","ping_status":"open","template":"","meta":[],"product_brand":[],"product_cat":[10274,10290,866,8386],"product_tag":[],"class_list":{"0":"post-224061","1":"product","2":"type-product","3":"status-publish","4":"has-post-thumbnail","6":"product_cat-furniture-system-delis-meblocross","7":"product_cat-furniture-system-vens-meblocross","8":"product_cat-coffee-tables","9":"product_cat-meblocross","11":"first","12":"instock","13":"purchasable","14":"product-type-simple"},"_links":{"self":[{"href":"https:\/\/baldumarket.lt\/lt\/wp-json\/wp\/v2\/product\/224061","targetHints":{"allow":["GET"]}}],"collection":[{"href":"https:\/\/baldumarket.lt\/lt\/wp-json\/wp\/v2\/product"}],"about":[{"href":"https:\/\/baldumarket.lt\/lt\/wp-json\/wp\/v2\/types\/product"}],"replies":[{"embeddable":true,"href":"https:\/\/baldumarket.lt\/lt\/wp-json\/wp\/v2\/comments?post=224061"}],"wp:featuredmedia":[{"embeddable":true,"href":"https:\/\/baldumarket.lt\/lt\/wp-json\/wp\/v2\/media\/224062"}],"wp:attachment":[{"href":"https:\/\/baldumarket.lt\/lt\/wp-json\/wp\/v2\/media?parent=224061"}],"wp:term":[{"taxonomy":"product_brand","embeddable":true,"href":"https:\/\/baldumarket.lt\/lt\/wp-json\/wp\/v2\/product_brand?post=224061"},{"taxonomy":"product_cat","embeddable":true,"href":"https:\/\/baldumarket.lt\/lt\/wp-json\/wp\/v2\/product_cat?post=224061"},{"taxonomy":"product_tag","embeddable":true,"href":"https:\/\/baldumarket.lt\/lt\/wp-json\/wp\/v2\/product_tag?post=224061"}],"curies":[{"name":"wp","href":"https:\/\/api.w.org\/{rel}","templated":true}]}}