{"id":223997,"date":"2025-12-28T03:26:27","date_gmt":"2025-12-28T00:26:27","guid":{"rendered":"https:\/\/baldumarket.lt\/product\/meble-vens-13-szafa-2d3s\/"},"modified":"2026-02-11T18:38:07","modified_gmt":"2026-02-11T15:38:07","slug":"meble-vens-13-szafa-2d3s","status":"publish","type":"product","link":"https:\/\/baldumarket.lt\/lt\/product\/meble-vens-13-szafa-2d3s\/","title":{"rendered":"VENS 13 bald\u0173 spinta 2D3S"},"content":{"rendered":"<p>VENS 13 2-D3S Spinta be LED ap\u0161vietimo<br \/>\nBaldai pagaminti i\u0161 16 mm storio med\u017eio dro\u017eli\u0173 plok\u0161t\u0117s su ABS kra\u0161tais. Stal\u010diai ir durel\u0117s turi \u0161velnaus u\u017edarymo mechanizm\u0105. Medin\u0117s kojel\u0117s yra 18 cm auk\u0161\u010dio.<br \/>\nSpalv\u0173 variantai: balta \/ blizgi balta, Tobaco \u0105\u017euolas \/ baltas \u0105\u017euolas, juoda \/ blizgi balta, Burgundijos \u0105\u017euolas \/ blizgi balta, \u0161viesus Sonoma \u0105\u017euolas \/ blizgi balta<\/p>","protected":false},"excerpt":{"rendered":"<p>Plotis [cm]: 100<br \/>\n\u016agis [cm]: 174<br \/>\nGylis [cm]: 40<br \/>\nSvoris [kg]: 66,5<\/p>","protected":false},"featured_media":223998,"comment_status":"open","ping_status":"open","template":"","meta":[],"product_brand":[],"product_cat":[8386,1177],"product_tag":[],"class_list":{"0":"post-223997","1":"product","2":"type-product","3":"status-publish","4":"has-post-thumbnail","6":"product_cat-meblocross","7":"product_cat-wardrobes","9":"first","10":"instock","11":"purchasable","12":"product-type-simple"},"_links":{"self":[{"href":"https:\/\/baldumarket.lt\/lt\/wp-json\/wp\/v2\/product\/223997","targetHints":{"allow":["GET"]}}],"collection":[{"href":"https:\/\/baldumarket.lt\/lt\/wp-json\/wp\/v2\/product"}],"about":[{"href":"https:\/\/baldumarket.lt\/lt\/wp-json\/wp\/v2\/types\/product"}],"replies":[{"embeddable":true,"href":"https:\/\/baldumarket.lt\/lt\/wp-json\/wp\/v2\/comments?post=223997"}],"wp:featuredmedia":[{"embeddable":true,"href":"https:\/\/baldumarket.lt\/lt\/wp-json\/wp\/v2\/media\/223998"}],"wp:attachment":[{"href":"https:\/\/baldumarket.lt\/lt\/wp-json\/wp\/v2\/media?parent=223997"}],"wp:term":[{"taxonomy":"product_brand","embeddable":true,"href":"https:\/\/baldumarket.lt\/lt\/wp-json\/wp\/v2\/product_brand?post=223997"},{"taxonomy":"product_cat","embeddable":true,"href":"https:\/\/baldumarket.lt\/lt\/wp-json\/wp\/v2\/product_cat?post=223997"},{"taxonomy":"product_tag","embeddable":true,"href":"https:\/\/baldumarket.lt\/lt\/wp-json\/wp\/v2\/product_tag?post=223997"}],"curies":[{"name":"wp","href":"https:\/\/api.w.org\/{rel}","templated":true}]}}