{"id":223927,"date":"2025-12-28T03:23:41","date_gmt":"2025-12-28T00:23:41","guid":{"rendered":"https:\/\/baldumarket.lt\/product\/myks-l-antresola-lozko-pietrowe-z-biurkiem-szafa-komoda-biale-gra-migdal\/"},"modified":"2026-02-11T18:38:08","modified_gmt":"2026-02-11T15:38:08","slug":"myks-l-antresola-lozko-pietrowe-z-biurkiem-szafa-komoda-biale-gra-migdal","status":"publish","type":"product","link":"https:\/\/baldumarket.lt\/lt\/product\/myks-l-antresola-lozko-pietrowe-z-biurkiem-szafa-komoda-biale-gra-migdal\/","title":{"rendered":"MYKS L antresol\u0117 su stalu, spinta ir komoda, balta, migdol\u0173 spalvos"},"content":{"rendered":"<p>MYKS L antresol\u0117 be \u010diu\u017einio. 16 mm plok\u0161t\u0117, ABS kra\u0161tas, \u0161velniai u\u017esidarantys stal\u010diai ir spintel\u0117s. Spalva: balta \/ granados migdol\u0173 spalvos.<\/p>","protected":false},"excerpt":{"rendered":"<p>Plotis [cm]: 204<br \/>\n\u016agis [cm]: 188<br \/>\nGylis [cm]: 110<br \/>\nMiegamasis plotas [cm]: 80 x 200<br \/>\nSvoris [kg]: 195<\/p>","protected":false},"featured_media":223928,"comment_status":"open","ping_status":"open","template":"","meta":[],"product_brand":[],"product_cat":[505,8386],"product_tag":[],"class_list":{"0":"post-223927","1":"product","2":"type-product","3":"status-publish","4":"has-post-thumbnail","6":"product_cat-bedroom-beds","7":"product_cat-meblocross","9":"first","10":"instock","11":"purchasable","12":"product-type-simple"},"_links":{"self":[{"href":"https:\/\/baldumarket.lt\/lt\/wp-json\/wp\/v2\/product\/223927","targetHints":{"allow":["GET"]}}],"collection":[{"href":"https:\/\/baldumarket.lt\/lt\/wp-json\/wp\/v2\/product"}],"about":[{"href":"https:\/\/baldumarket.lt\/lt\/wp-json\/wp\/v2\/types\/product"}],"replies":[{"embeddable":true,"href":"https:\/\/baldumarket.lt\/lt\/wp-json\/wp\/v2\/comments?post=223927"}],"wp:featuredmedia":[{"embeddable":true,"href":"https:\/\/baldumarket.lt\/lt\/wp-json\/wp\/v2\/media\/223928"}],"wp:attachment":[{"href":"https:\/\/baldumarket.lt\/lt\/wp-json\/wp\/v2\/media?parent=223927"}],"wp:term":[{"taxonomy":"product_brand","embeddable":true,"href":"https:\/\/baldumarket.lt\/lt\/wp-json\/wp\/v2\/product_brand?post=223927"},{"taxonomy":"product_cat","embeddable":true,"href":"https:\/\/baldumarket.lt\/lt\/wp-json\/wp\/v2\/product_cat?post=223927"},{"taxonomy":"product_tag","embeddable":true,"href":"https:\/\/baldumarket.lt\/lt\/wp-json\/wp\/v2\/product_tag?post=223927"}],"curies":[{"name":"wp","href":"https:\/\/api.w.org\/{rel}","templated":true}]}}