{"id":223894,"date":"2025-12-28T03:22:21","date_gmt":"2025-12-28T00:22:21","guid":{"rendered":"https:\/\/baldumarket.lt\/product\/myks-p-antresola-bez-mat-dab-artisan-krem\/"},"modified":"2026-02-11T18:38:09","modified_gmt":"2026-02-11T15:38:09","slug":"myks-p-antresola-bez-mat-dab-artisan-krem","status":"publish","type":"product","link":"https:\/\/baldumarket.lt\/lt\/product\/myks-p-antresola-bez-mat-dab-artisan-krem\/","title":{"rendered":"MYKS P mezzanine, be kilim\u0117lio, \u0105\u017euolo dirbiniai\/kremin\u0117 spalva"},"content":{"rendered":"<p>MYKS P antresol\u0117 be \u010diu\u017einio.<br \/>\n\u2013 16 mm plok\u0161t\u0117<br \/>\n\u2013 ABS apvadai<br \/>\n\u2013 \u0160velniai u\u017esidarantys stal\u010diai ir spintel\u0117s.<br \/>\nSpalvos:<br \/>\n\u2013 Artisan \u0105\u017euolas \/ kremin\u0117 spalva<\/p>","protected":false},"excerpt":{"rendered":"<p>Plotis [cm]: 204<br \/>\n\u016agis [cm]: 188<br \/>\nGylis [cm]: 110<br \/>\nMiegamasis plotas [cm]: 80 x 200<br \/>\nSvoris [kg]: 195<\/p>","protected":false},"featured_media":223895,"comment_status":"open","ping_status":"open","template":"","meta":[],"product_brand":[],"product_cat":[505,8386],"product_tag":[],"class_list":{"0":"post-223894","1":"product","2":"type-product","3":"status-publish","4":"has-post-thumbnail","6":"product_cat-bedroom-beds","7":"product_cat-meblocross","9":"first","10":"instock","11":"purchasable","12":"product-type-simple"},"_links":{"self":[{"href":"https:\/\/baldumarket.lt\/lt\/wp-json\/wp\/v2\/product\/223894","targetHints":{"allow":["GET"]}}],"collection":[{"href":"https:\/\/baldumarket.lt\/lt\/wp-json\/wp\/v2\/product"}],"about":[{"href":"https:\/\/baldumarket.lt\/lt\/wp-json\/wp\/v2\/types\/product"}],"replies":[{"embeddable":true,"href":"https:\/\/baldumarket.lt\/lt\/wp-json\/wp\/v2\/comments?post=223894"}],"wp:featuredmedia":[{"embeddable":true,"href":"https:\/\/baldumarket.lt\/lt\/wp-json\/wp\/v2\/media\/223895"}],"wp:attachment":[{"href":"https:\/\/baldumarket.lt\/lt\/wp-json\/wp\/v2\/media?parent=223894"}],"wp:term":[{"taxonomy":"product_brand","embeddable":true,"href":"https:\/\/baldumarket.lt\/lt\/wp-json\/wp\/v2\/product_brand?post=223894"},{"taxonomy":"product_cat","embeddable":true,"href":"https:\/\/baldumarket.lt\/lt\/wp-json\/wp\/v2\/product_cat?post=223894"},{"taxonomy":"product_tag","embeddable":true,"href":"https:\/\/baldumarket.lt\/lt\/wp-json\/wp\/v2\/product_tag?post=223894"}],"curies":[{"name":"wp","href":"https:\/\/api.w.org\/{rel}","templated":true}]}}