{"id":223807,"date":"2025-12-28T03:19:12","date_gmt":"2025-12-28T00:19:12","guid":{"rendered":"https:\/\/baldumarket.lt\/product\/part-10-stol-rozkladany-skladany-do-jadalni-kuchni-kuchenny-dab-sonoma\/"},"modified":"2026-02-11T18:38:10","modified_gmt":"2026-02-11T15:38:10","slug":"part-10-stol-rozkladany-skladany-do-jadalni-kuchni-kuchenny-dab-sonoma","status":"publish","type":"product","link":"https:\/\/baldumarket.lt\/lt\/product\/part-10-stol-rozkladany-skladany-do-jadalni-kuchni-kuchenny-dab-sonoma\/","title":{"rendered":"10 PART i\u0161skleid\u017eiamas sulankstomas stalas valgomojo virtuvei, Sonoma \u0105\u017euolas"},"content":{"rendered":"<p>10 PART i\u0161skleid\u017eiamas sulankstomas stalas virtuvei ir valgomajam<br \/>\nSpalva: Sonoma \u0105\u017euolas<\/p>","protected":false},"excerpt":{"rendered":"<p>Plotis [cm]: 39 \/ 100 \/ 160<br \/>\nAuk\u0161tis [cm]: 75<br \/>\nGylis [cm]: 80<br \/>\nSvoris [kg]: 43<\/p>","protected":false},"featured_media":223808,"comment_status":"open","ping_status":"open","template":"","meta":[],"product_brand":[],"product_cat":[8386,1934],"product_tag":[],"class_list":{"0":"post-223807","1":"product","2":"type-product","3":"status-publish","4":"has-post-thumbnail","6":"product_cat-meblocross","7":"product_cat-tables","9":"first","10":"instock","11":"purchasable","12":"product-type-simple"},"_links":{"self":[{"href":"https:\/\/baldumarket.lt\/lt\/wp-json\/wp\/v2\/product\/223807","targetHints":{"allow":["GET"]}}],"collection":[{"href":"https:\/\/baldumarket.lt\/lt\/wp-json\/wp\/v2\/product"}],"about":[{"href":"https:\/\/baldumarket.lt\/lt\/wp-json\/wp\/v2\/types\/product"}],"replies":[{"embeddable":true,"href":"https:\/\/baldumarket.lt\/lt\/wp-json\/wp\/v2\/comments?post=223807"}],"wp:featuredmedia":[{"embeddable":true,"href":"https:\/\/baldumarket.lt\/lt\/wp-json\/wp\/v2\/media\/223808"}],"wp:attachment":[{"href":"https:\/\/baldumarket.lt\/lt\/wp-json\/wp\/v2\/media?parent=223807"}],"wp:term":[{"taxonomy":"product_brand","embeddable":true,"href":"https:\/\/baldumarket.lt\/lt\/wp-json\/wp\/v2\/product_brand?post=223807"},{"taxonomy":"product_cat","embeddable":true,"href":"https:\/\/baldumarket.lt\/lt\/wp-json\/wp\/v2\/product_cat?post=223807"},{"taxonomy":"product_tag","embeddable":true,"href":"https:\/\/baldumarket.lt\/lt\/wp-json\/wp\/v2\/product_tag?post=223807"}],"curies":[{"name":"wp","href":"https:\/\/api.w.org\/{rel}","templated":true}]}}