{"id":223751,"date":"2025-12-28T03:17:14","date_gmt":"2025-12-28T00:17:14","guid":{"rendered":"https:\/\/baldumarket.lt\/product\/part-6-stol-scienny-skladany-do-jadalni-kuchni-kuchenny-dab-grange\/"},"modified":"2026-02-11T18:38:10","modified_gmt":"2026-02-11T15:38:10","slug":"part-6-stol-scienny-skladany-do-jadalni-kuchni-kuchenny-dab-grange","status":"publish","type":"product","link":"https:\/\/baldumarket.lt\/lt\/product\/part-6-stol-scienny-skladany-do-jadalni-kuchni-kuchenny-dab-grange\/","title":{"rendered":"6 PART sulankstomas sieninis stalas valgomajam, virtuvei, \u0105\u017euolo spalvos, granido spalvos"},"content":{"rendered":"<p>6 DALIS Sulankstomas sieninis stalas virtuvei ir valgomajam<br \/>\nSpalv\u0173 variantai: Grange \u0105\u017euolas<\/p>","protected":false},"excerpt":{"rendered":"<p>Plotis [cm]: 80<br \/>\nAuk\u0161tis [cm]: 75<br \/>\nGylis [cm]: 17 \/ 81<br \/>\nSvoris [kg]: 17<\/p>","protected":false},"featured_media":223752,"comment_status":"open","ping_status":"open","template":"","meta":[],"product_brand":[],"product_cat":[8386,1934],"product_tag":[],"class_list":{"0":"post-223751","1":"product","2":"type-product","3":"status-publish","4":"has-post-thumbnail","6":"product_cat-meblocross","7":"product_cat-tables","9":"first","10":"instock","11":"purchasable","12":"product-type-simple"},"_links":{"self":[{"href":"https:\/\/baldumarket.lt\/lt\/wp-json\/wp\/v2\/product\/223751","targetHints":{"allow":["GET"]}}],"collection":[{"href":"https:\/\/baldumarket.lt\/lt\/wp-json\/wp\/v2\/product"}],"about":[{"href":"https:\/\/baldumarket.lt\/lt\/wp-json\/wp\/v2\/types\/product"}],"replies":[{"embeddable":true,"href":"https:\/\/baldumarket.lt\/lt\/wp-json\/wp\/v2\/comments?post=223751"}],"wp:featuredmedia":[{"embeddable":true,"href":"https:\/\/baldumarket.lt\/lt\/wp-json\/wp\/v2\/media\/223752"}],"wp:attachment":[{"href":"https:\/\/baldumarket.lt\/lt\/wp-json\/wp\/v2\/media?parent=223751"}],"wp:term":[{"taxonomy":"product_brand","embeddable":true,"href":"https:\/\/baldumarket.lt\/lt\/wp-json\/wp\/v2\/product_brand?post=223751"},{"taxonomy":"product_cat","embeddable":true,"href":"https:\/\/baldumarket.lt\/lt\/wp-json\/wp\/v2\/product_cat?post=223751"},{"taxonomy":"product_tag","embeddable":true,"href":"https:\/\/baldumarket.lt\/lt\/wp-json\/wp\/v2\/product_tag?post=223751"}],"curies":[{"name":"wp","href":"https:\/\/api.w.org\/{rel}","templated":true}]}}