{"id":223668,"date":"2025-12-28T03:14:00","date_gmt":"2025-12-28T00:14:00","guid":{"rendered":"https:\/\/baldumarket.lt\/product\/polkotapczan-lozko-chowane-skladane-90x200-poziome-ergo-dab-sonoma-niebiesk\/"},"modified":"2026-02-11T18:38:12","modified_gmt":"2026-02-11T15:38:12","slug":"polkotapczan-lozko-chowane-skladane-90x200-poziome-ergo-dab-sonoma-niebiesk","status":"publish","type":"product","link":"https:\/\/baldumarket.lt\/lt\/product\/polkotapczan-lozko-chowane-skladane-90x200-poziome-ergo-dab-sonoma-niebiesk\/","title":{"rendered":"Sienin\u0117 lova, sulankstoma, pasl\u0117pta lova, 90&#215;200, horizontali, ERGO, sonoma \u0105\u017euolas, m\u0117lyna"},"content":{"rendered":"<p>ERGO puslova be \u010diu\u017einio, 90\u00d7200. 16 mm ir 25 mm plok\u0161t\u0117s storis. ABS kra\u0161tas. Maks. \u010diu\u017einio auk\u0161tis 15 cm. Spalva: Sonoma \u0105\u017euolas\/m\u0117lyna.<\/p>","protected":false},"excerpt":{"rendered":"<p>Plotis [cm]: 213<br \/>\nAuk\u0161tis [cm]: 114<br \/>\nGylis [cm]: 43 \/ 121<br \/>\nMiegamasis plotas [cm]: 90 x 200<br \/>\nSvoris [kg]: 93,5<\/p>","protected":false},"featured_media":223669,"comment_status":"open","ping_status":"open","template":"","meta":[],"product_brand":[],"product_cat":[505,1968,8386],"product_tag":[],"class_list":{"0":"post-223668","1":"product","2":"type-product","3":"status-publish","4":"has-post-thumbnail","6":"product_cat-bedroom-beds","7":"product_cat-beds-90x200","8":"product_cat-meblocross","10":"first","11":"instock","12":"purchasable","13":"product-type-simple"},"_links":{"self":[{"href":"https:\/\/baldumarket.lt\/lt\/wp-json\/wp\/v2\/product\/223668","targetHints":{"allow":["GET"]}}],"collection":[{"href":"https:\/\/baldumarket.lt\/lt\/wp-json\/wp\/v2\/product"}],"about":[{"href":"https:\/\/baldumarket.lt\/lt\/wp-json\/wp\/v2\/types\/product"}],"replies":[{"embeddable":true,"href":"https:\/\/baldumarket.lt\/lt\/wp-json\/wp\/v2\/comments?post=223668"}],"wp:featuredmedia":[{"embeddable":true,"href":"https:\/\/baldumarket.lt\/lt\/wp-json\/wp\/v2\/media\/223669"}],"wp:attachment":[{"href":"https:\/\/baldumarket.lt\/lt\/wp-json\/wp\/v2\/media?parent=223668"}],"wp:term":[{"taxonomy":"product_brand","embeddable":true,"href":"https:\/\/baldumarket.lt\/lt\/wp-json\/wp\/v2\/product_brand?post=223668"},{"taxonomy":"product_cat","embeddable":true,"href":"https:\/\/baldumarket.lt\/lt\/wp-json\/wp\/v2\/product_cat?post=223668"},{"taxonomy":"product_tag","embeddable":true,"href":"https:\/\/baldumarket.lt\/lt\/wp-json\/wp\/v2\/product_tag?post=223668"}],"curies":[{"name":"wp","href":"https:\/\/api.w.org\/{rel}","templated":true}]}}