{"id":223659,"date":"2025-12-28T03:13:35","date_gmt":"2025-12-28T00:13:35","guid":{"rendered":"https:\/\/baldumarket.lt\/product\/polkotapczan-lozko-chowane-w-szafie-teddy-120\/"},"modified":"2026-02-11T18:38:12","modified_gmt":"2026-02-11T15:38:12","slug":"polkotapczan-lozko-chowane-w-szafie-teddy-120","status":"publish","type":"product","link":"https:\/\/baldumarket.lt\/lt\/product\/polkotapczan-lozko-chowane-w-szafie-teddy-120\/","title":{"rendered":"Sienin\u0117 lova TEDDY 120"},"content":{"rendered":"<p>TEDDY sienin\u0117 lova be \u010diu\u017einio \u2013 sienin\u0117 lova 120 cm<br \/>\n\u2013 16 mm plok\u0161t\u0117<br \/>\n\u2013 ABS apvadai<br \/>\n\u2013 Maksimalus \u010diu\u017einio auk\u0161tis 15 cm<br \/>\nSpalvos:<br \/>\n\u2013 \u0160viesusis Sonoma<br \/>\n\u2013 Amat\u0173 auksas<br \/>\n\u2013 Amat\u0173 tabakas<br \/>\n\u2013 Burgundijos \u0105\u017euolas<br \/>\n\u2013 Amatininko \u0105\u017euolas<br \/>\nPapildomas \u010diu\u017einys:<br \/>\n\u2013 Bonnell spyruokl\u0117 120x200x12 coli\u0173<br \/>\n\u2013 Vienpus\u0117 Bonnell spyruokl\u0117 + lateksas 120x200x12 coli\u0173<br \/>\n\u2013 Vienpus\u0117 \u201eBonnell\u201c spyruokl\u0117 + kokosas 120x200x12 coli\u0173<\/p>","protected":false},"excerpt":{"rendered":"<p>Plotis [cm]: 135<br \/>\nAuk\u0161tis [cm]: 216<br \/>\nGylis [cm]: 42 \/ 212<br \/>\nMiegamasis plotas [cm]: 120 x 200<br \/>\nSvoris [kg]: 103<\/p>","protected":false},"featured_media":223660,"comment_status":"open","ping_status":"open","template":"","meta":[],"product_brand":[],"product_cat":[505,8386],"product_tag":[],"class_list":{"0":"post-223659","1":"product","2":"type-product","3":"status-publish","4":"has-post-thumbnail","6":"product_cat-bedroom-beds","7":"product_cat-meblocross","9":"first","10":"instock","11":"purchasable","12":"product-type-simple"},"_links":{"self":[{"href":"https:\/\/baldumarket.lt\/lt\/wp-json\/wp\/v2\/product\/223659","targetHints":{"allow":["GET"]}}],"collection":[{"href":"https:\/\/baldumarket.lt\/lt\/wp-json\/wp\/v2\/product"}],"about":[{"href":"https:\/\/baldumarket.lt\/lt\/wp-json\/wp\/v2\/types\/product"}],"replies":[{"embeddable":true,"href":"https:\/\/baldumarket.lt\/lt\/wp-json\/wp\/v2\/comments?post=223659"}],"wp:featuredmedia":[{"embeddable":true,"href":"https:\/\/baldumarket.lt\/lt\/wp-json\/wp\/v2\/media\/223660"}],"wp:attachment":[{"href":"https:\/\/baldumarket.lt\/lt\/wp-json\/wp\/v2\/media?parent=223659"}],"wp:term":[{"taxonomy":"product_brand","embeddable":true,"href":"https:\/\/baldumarket.lt\/lt\/wp-json\/wp\/v2\/product_brand?post=223659"},{"taxonomy":"product_cat","embeddable":true,"href":"https:\/\/baldumarket.lt\/lt\/wp-json\/wp\/v2\/product_cat?post=223659"},{"taxonomy":"product_tag","embeddable":true,"href":"https:\/\/baldumarket.lt\/lt\/wp-json\/wp\/v2\/product_tag?post=223659"}],"curies":[{"name":"wp","href":"https:\/\/api.w.org\/{rel}","templated":true}]}}