{"id":223627,"date":"2025-12-28T03:12:07","date_gmt":"2025-12-28T00:12:07","guid":{"rendered":"https:\/\/baldumarket.lt\/product\/polkotapczan-pionowy-lozko-chowane-w-szafie-teddy-120-dab-cremona\/"},"modified":"2026-02-11T18:38:12","modified_gmt":"2026-02-11T15:38:12","slug":"polkotapczan-pionowy-lozko-chowane-w-szafie-teddy-120-dab-cremona","status":"publish","type":"product","link":"https:\/\/baldumarket.lt\/lt\/product\/polkotapczan-pionowy-lozko-chowane-w-szafie-teddy-120-dab-cremona\/","title":{"rendered":"Vertikali sienin\u0117 lova TEDDY 120 kremonos \u0105\u017euolo spalvos"},"content":{"rendered":"<p>TEDDY sienin\u0117 lova be \u010diu\u017einio \u2013 sienin\u0117 lova 120 cm, 16 mm plok\u0161t\u0117, ABS kra\u0161tas, maksimalus \u010diu\u017einio auk\u0161tis 15 cm, spalva: kremonos \u0105\u017euolas<\/p>","protected":false},"excerpt":{"rendered":"<p>Plotis [cm]: 135<br \/>\nAuk\u0161tis [cm]: 216<br \/>\nGylis [cm]: 42 \/ 212<br \/>\nMiegamasis plotas [cm]: 120 x 200<br \/>\nSvoris [kg]: 102,5<\/p>","protected":false},"featured_media":223628,"comment_status":"open","ping_status":"open","template":"","meta":[],"product_brand":[],"product_cat":[505,8386],"product_tag":[],"class_list":{"0":"post-223627","1":"product","2":"type-product","3":"status-publish","4":"has-post-thumbnail","6":"product_cat-bedroom-beds","7":"product_cat-meblocross","9":"first","10":"instock","11":"purchasable","12":"product-type-simple"},"_links":{"self":[{"href":"https:\/\/baldumarket.lt\/lt\/wp-json\/wp\/v2\/product\/223627","targetHints":{"allow":["GET"]}}],"collection":[{"href":"https:\/\/baldumarket.lt\/lt\/wp-json\/wp\/v2\/product"}],"about":[{"href":"https:\/\/baldumarket.lt\/lt\/wp-json\/wp\/v2\/types\/product"}],"replies":[{"embeddable":true,"href":"https:\/\/baldumarket.lt\/lt\/wp-json\/wp\/v2\/comments?post=223627"}],"wp:featuredmedia":[{"embeddable":true,"href":"https:\/\/baldumarket.lt\/lt\/wp-json\/wp\/v2\/media\/223628"}],"wp:attachment":[{"href":"https:\/\/baldumarket.lt\/lt\/wp-json\/wp\/v2\/media?parent=223627"}],"wp:term":[{"taxonomy":"product_brand","embeddable":true,"href":"https:\/\/baldumarket.lt\/lt\/wp-json\/wp\/v2\/product_brand?post=223627"},{"taxonomy":"product_cat","embeddable":true,"href":"https:\/\/baldumarket.lt\/lt\/wp-json\/wp\/v2\/product_cat?post=223627"},{"taxonomy":"product_tag","embeddable":true,"href":"https:\/\/baldumarket.lt\/lt\/wp-json\/wp\/v2\/product_tag?post=223627"}],"curies":[{"name":"wp","href":"https:\/\/api.w.org\/{rel}","templated":true}]}}