{"id":223522,"date":"2025-12-28T03:08:08","date_gmt":"2025-12-28T00:08:08","guid":{"rendered":"https:\/\/baldumarket.lt\/product\/ravena-l-antresola-bez-mat-sonoma-fiolet\/"},"modified":"2026-02-11T18:38:14","modified_gmt":"2026-02-11T15:38:14","slug":"ravena-l-antresola-bez-mat-sonoma-fiolet","status":"publish","type":"product","link":"https:\/\/baldumarket.lt\/lt\/product\/ravena-l-antresola-bez-mat-sonoma-fiolet\/","title":{"rendered":"RAVENA L antresol\u0117 be kilim\u0117li\u0173. Sonoma\/violetin\u0117"},"content":{"rendered":"<p>RAVENA L antresol\u0117 be \u010diu\u017einio.<br \/>\n\u2013 16 mm plok\u0161t\u0117<br \/>\n\u2013 ABS apvadai<br \/>\n\u2013 \u0160velniai u\u017esidarantys stal\u010diai ir spintel\u0117s.<br \/>\nSpalvos:<br \/>\n\u2013 Sonoma \u0105\u017euolas \/ violetin\u0117<\/p>","protected":false},"excerpt":{"rendered":"<p>Plotis [cm]: 236<br \/>\nAuk\u0161tis [cm]: 190<br \/>\nGylis [cm]: 120<br \/>\nMiegamasis plotas [cm]: 90 x 200<br \/>\nSvoris [kg]: 224,5<\/p>","protected":false},"featured_media":223523,"comment_status":"open","ping_status":"open","template":"","meta":[],"product_brand":[],"product_cat":[505,8386],"product_tag":[],"class_list":{"0":"post-223522","1":"product","2":"type-product","3":"status-publish","4":"has-post-thumbnail","6":"product_cat-bedroom-beds","7":"product_cat-meblocross","9":"first","10":"instock","11":"purchasable","12":"product-type-simple"},"_links":{"self":[{"href":"https:\/\/baldumarket.lt\/lt\/wp-json\/wp\/v2\/product\/223522","targetHints":{"allow":["GET"]}}],"collection":[{"href":"https:\/\/baldumarket.lt\/lt\/wp-json\/wp\/v2\/product"}],"about":[{"href":"https:\/\/baldumarket.lt\/lt\/wp-json\/wp\/v2\/types\/product"}],"replies":[{"embeddable":true,"href":"https:\/\/baldumarket.lt\/lt\/wp-json\/wp\/v2\/comments?post=223522"}],"wp:featuredmedia":[{"embeddable":true,"href":"https:\/\/baldumarket.lt\/lt\/wp-json\/wp\/v2\/media\/223523"}],"wp:attachment":[{"href":"https:\/\/baldumarket.lt\/lt\/wp-json\/wp\/v2\/media?parent=223522"}],"wp:term":[{"taxonomy":"product_brand","embeddable":true,"href":"https:\/\/baldumarket.lt\/lt\/wp-json\/wp\/v2\/product_brand?post=223522"},{"taxonomy":"product_cat","embeddable":true,"href":"https:\/\/baldumarket.lt\/lt\/wp-json\/wp\/v2\/product_cat?post=223522"},{"taxonomy":"product_tag","embeddable":true,"href":"https:\/\/baldumarket.lt\/lt\/wp-json\/wp\/v2\/product_tag?post=223522"}],"curies":[{"name":"wp","href":"https:\/\/api.w.org\/{rel}","templated":true}]}}