{"id":223506,"date":"2025-12-28T03:07:27","date_gmt":"2025-12-28T00:07:27","guid":{"rendered":"https:\/\/baldumarket.lt\/product\/ravena-l-antresola-lozko-pietrowe-z-biurkiem-szafa-komoda-dab-endgra-beton\/"},"modified":"2026-02-11T18:38:14","modified_gmt":"2026-02-11T15:38:14","slug":"ravena-l-antresola-lozko-pietrowe-z-biurkiem-szafa-komoda-dab-endgra-beton","status":"publish","type":"product","link":"https:\/\/baldumarket.lt\/lt\/product\/ravena-l-antresola-lozko-pietrowe-z-biurkiem-szafa-komoda-dab-endgra-beton\/","title":{"rendered":"RAVENA L antresol\u0117 su stalu, spinta ir komoda, da\u017eytas \u0105\u017euolas, betonas"},"content":{"rendered":"<p>RAVENA L antresol\u0117 be \u010diu\u017einio. 16 mm plok\u0161t\u0117, ABS kra\u0161tas, \u0161velniai u\u017esidarantys stal\u010diai ir spintel\u0117s. Spalva: \u0105\u017euolo kra\u0161tai \/ betono pilka.<\/p>","protected":false},"excerpt":{"rendered":"<p>Plotis [cm]: 236<br \/>\nAuk\u0161tis [cm]: 190<br \/>\nGylis [cm]: 120<br \/>\nMiegamasis plotas [cm]: 90 x 200<br \/>\nSvoris [kg]: 224,5<\/p>","protected":false},"featured_media":223507,"comment_status":"open","ping_status":"open","template":"","meta":[],"product_brand":[],"product_cat":[505,8386],"product_tag":[],"class_list":{"0":"post-223506","1":"product","2":"type-product","3":"status-publish","4":"has-post-thumbnail","6":"product_cat-bedroom-beds","7":"product_cat-meblocross","9":"first","10":"instock","11":"purchasable","12":"product-type-simple"},"_links":{"self":[{"href":"https:\/\/baldumarket.lt\/lt\/wp-json\/wp\/v2\/product\/223506","targetHints":{"allow":["GET"]}}],"collection":[{"href":"https:\/\/baldumarket.lt\/lt\/wp-json\/wp\/v2\/product"}],"about":[{"href":"https:\/\/baldumarket.lt\/lt\/wp-json\/wp\/v2\/types\/product"}],"replies":[{"embeddable":true,"href":"https:\/\/baldumarket.lt\/lt\/wp-json\/wp\/v2\/comments?post=223506"}],"wp:featuredmedia":[{"embeddable":true,"href":"https:\/\/baldumarket.lt\/lt\/wp-json\/wp\/v2\/media\/223507"}],"wp:attachment":[{"href":"https:\/\/baldumarket.lt\/lt\/wp-json\/wp\/v2\/media?parent=223506"}],"wp:term":[{"taxonomy":"product_brand","embeddable":true,"href":"https:\/\/baldumarket.lt\/lt\/wp-json\/wp\/v2\/product_brand?post=223506"},{"taxonomy":"product_cat","embeddable":true,"href":"https:\/\/baldumarket.lt\/lt\/wp-json\/wp\/v2\/product_cat?post=223506"},{"taxonomy":"product_tag","embeddable":true,"href":"https:\/\/baldumarket.lt\/lt\/wp-json\/wp\/v2\/product_tag?post=223506"}],"curies":[{"name":"wp","href":"https:\/\/api.w.org\/{rel}","templated":true}]}}