{"id":223482,"date":"2025-12-28T03:06:18","date_gmt":"2025-12-28T00:06:18","guid":{"rendered":"https:\/\/baldumarket.lt\/product\/ravena-p-antresola-bez-mat-craft-zloty-zolty\/"},"modified":"2026-01-07T15:35:38","modified_gmt":"2026-01-07T12:35:38","slug":"ravena-p-antresola-bez-mat-craft-zloty-zolty","status":"publish","type":"product","link":"https:\/\/baldumarket.lt\/lt\/produktas\/ravena-p-antresola-bez-mat-craft-zloty-zolty\/","title":{"rendered":"RAVENA P antresola bez mat. craft z\u0142oty \/ \u017c\u00f3\u0142ty"},"content":{"rendered":"<p>RAVENA P mezzanine without mattress.<br \/>\n&#8211; 16 mm board<br \/>\n&#8211; ABS edging<br \/>\n&#8211; Soft-close drawers and cabinets.<br \/>\nSpalvos:<br \/>\n&#8211; Gold\/Yellow Craft Oak<\/p>","protected":false},"excerpt":{"rendered":"<p>Width [cm]: 236<br \/>\nHeight [cm]: 190<br \/>\nDepth [cm]: 120<br \/>\nSleeping area [cm]: 90 x 200<br \/>\nWeight [kg]: 224.5<\/p>","protected":false},"featured_media":223483,"comment_status":"open","ping_status":"open","template":"","meta":[],"product_brand":[],"product_cat":[505,8386],"product_tag":[],"class_list":{"0":"post-223482","1":"product","2":"type-product","3":"status-publish","4":"has-post-thumbnail","6":"product_cat-bedroom-beds","7":"product_cat-meblocross","9":"first","10":"instock","11":"purchasable","12":"product-type-simple"},"_links":{"self":[{"href":"https:\/\/baldumarket.lt\/lt\/wp-json\/wp\/v2\/product\/223482","targetHints":{"allow":["GET"]}}],"collection":[{"href":"https:\/\/baldumarket.lt\/lt\/wp-json\/wp\/v2\/product"}],"about":[{"href":"https:\/\/baldumarket.lt\/lt\/wp-json\/wp\/v2\/types\/product"}],"replies":[{"embeddable":true,"href":"https:\/\/baldumarket.lt\/lt\/wp-json\/wp\/v2\/comments?post=223482"}],"wp:featuredmedia":[{"embeddable":true,"href":"https:\/\/baldumarket.lt\/lt\/wp-json\/wp\/v2\/media\/223483"}],"wp:attachment":[{"href":"https:\/\/baldumarket.lt\/lt\/wp-json\/wp\/v2\/media?parent=223482"}],"wp:term":[{"taxonomy":"product_brand","embeddable":true,"href":"https:\/\/baldumarket.lt\/lt\/wp-json\/wp\/v2\/product_brand?post=223482"},{"taxonomy":"product_cat","embeddable":true,"href":"https:\/\/baldumarket.lt\/lt\/wp-json\/wp\/v2\/product_cat?post=223482"},{"taxonomy":"product_tag","embeddable":true,"href":"https:\/\/baldumarket.lt\/lt\/wp-json\/wp\/v2\/product_tag?post=223482"}],"curies":[{"name":"wp","href":"https:\/\/api.w.org\/{rel}","templated":true}]}}