{"id":223366,"date":"2025-12-28T03:02:05","date_gmt":"2025-12-28T00:02:05","guid":{"rendered":"https:\/\/baldumarket.lt\/product\/velve-p-antresola-lozko-pietrowe-z-biurkiem-szafa-komoda-dab-en-gra-migdal\/"},"modified":"2026-02-11T18:38:17","modified_gmt":"2026-02-11T15:38:17","slug":"velve-p-antresola-lozko-pietrowe-z-biurkiem-szafa-komoda-dab-en-gra-migdal","status":"publish","type":"product","link":"https:\/\/baldumarket.lt\/lt\/product\/velve-p-antresola-lozko-pietrowe-z-biurkiem-szafa-komoda-dab-en-gra-migdal\/","title":{"rendered":"VELVE P dviauk\u0161t\u0117 lova su antresol\u0117mis ir ra\u0161omuoju stalu, drabu\u017ei\u0173 spinta, komoda, graviruoto \u0105\u017euolo, migdolo spalvos"},"content":{"rendered":"<p>VELVE P antresol\u0117 be \u010diu\u017einio. 16 mm plok\u0161t\u0117, ABS kra\u0161tas, \u0161velniai u\u017esidarantys stal\u010diai ir spintel\u0117s. Spalva: \u0105\u017euolo imitacija \/ granados migdol\u0173 imitacija<\/p>","protected":false},"excerpt":{"rendered":"<p>Plotis [cm]: 206<br \/>\n\u016agis [cm]: 188<br \/>\nGylis [cm]: 120<br \/>\nMiegamasis plotas [cm]: 90 x 200<br \/>\nSvoris [kg]: 223<\/p>","protected":false},"featured_media":223367,"comment_status":"open","ping_status":"open","template":"","meta":[],"product_brand":[],"product_cat":[505,8386],"product_tag":[],"class_list":{"0":"post-223366","1":"product","2":"type-product","3":"status-publish","4":"has-post-thumbnail","6":"product_cat-bedroom-beds","7":"product_cat-meblocross","9":"first","10":"instock","11":"purchasable","12":"product-type-simple"},"_links":{"self":[{"href":"https:\/\/baldumarket.lt\/lt\/wp-json\/wp\/v2\/product\/223366","targetHints":{"allow":["GET"]}}],"collection":[{"href":"https:\/\/baldumarket.lt\/lt\/wp-json\/wp\/v2\/product"}],"about":[{"href":"https:\/\/baldumarket.lt\/lt\/wp-json\/wp\/v2\/types\/product"}],"replies":[{"embeddable":true,"href":"https:\/\/baldumarket.lt\/lt\/wp-json\/wp\/v2\/comments?post=223366"}],"wp:featuredmedia":[{"embeddable":true,"href":"https:\/\/baldumarket.lt\/lt\/wp-json\/wp\/v2\/media\/223367"}],"wp:attachment":[{"href":"https:\/\/baldumarket.lt\/lt\/wp-json\/wp\/v2\/media?parent=223366"}],"wp:term":[{"taxonomy":"product_brand","embeddable":true,"href":"https:\/\/baldumarket.lt\/lt\/wp-json\/wp\/v2\/product_brand?post=223366"},{"taxonomy":"product_cat","embeddable":true,"href":"https:\/\/baldumarket.lt\/lt\/wp-json\/wp\/v2\/product_cat?post=223366"},{"taxonomy":"product_tag","embeddable":true,"href":"https:\/\/baldumarket.lt\/lt\/wp-json\/wp\/v2\/product_tag?post=223366"}],"curies":[{"name":"wp","href":"https:\/\/api.w.org\/{rel}","templated":true}]}}