{"id":223345,"date":"2025-12-28T00:53:49","date_gmt":"2025-12-27T21:53:49","guid":{"rendered":"https:\/\/baldumarket.lt\/?post_type=product&#038;p=223345"},"modified":"2026-02-03T23:10:05","modified_gmt":"2026-02-03T20:10:05","slug":"fotel-gordon-uszak-boczna-kieszen-gr3","status":"publish","type":"product","link":"https:\/\/baldumarket.lt\/lt\/product\/fotel-gordon-uszak-boczna-kieszen-gr3\/","title":{"rendered":"Gordon fotelis, su sparneliais atlo\u0161u, \u0161onin\u0117mis ki\u0161en\u0117mis Gr3"},"content":{"rendered":"<p>\u201eGordon\u201c fotelis \u2013 tai modernus, futuristinio dizaino kr\u0117slas su atlo\u0161u. Jo s\u0117dyn\u0117s pagalv\u0117l\u0117 u\u017epildyta vingiuotomis spyruokl\u0117mis ir didelio elastingumo putomis. \u0160is derinys daro j\u012f patvar\u0173 ir labai patog\u0173. Baldas i\u0161siskiria apvalia atlo\u0161u ir \u012fgilintais porankiais. Jame taip pat yra prakti\u0161ka \u0161onin\u0117 ki\u0161en\u0117, puikiai tinkanti laikra\u0161\u010diams ir smulkiems daiktams laikyti. Visas baldas stovi ant auk\u0161t\u0173 medini\u0173 kojeli\u0173, kurios yra mading\u0173 spalv\u0173. Fotelis si\u016blomas su \u012fvairiais audiniais. Apmu\u0161al\u0173 audini\u0173 ir koj\u0173 spalv\u0173 pavyzd\u017eius galite rasti produkto k\u016br\u0117jo svetain\u0117je.<\/p>","protected":false},"excerpt":{"rendered":"<p>Plotis: 78 cm<br \/>\nGylis: 111 cm<br \/>\n\u016agis: 118 cm<br \/>\nS\u0117dyn\u0117s gylis: 58 cm<br \/>\nS\u0117dyn\u0117s auk\u0161tis: 44 cm<\/p>","protected":false},"featured_media":223356,"comment_status":"open","ping_status":"closed","template":"","meta":[],"product_brand":[],"product_cat":[9133],"product_tag":[],"class_list":{"0":"post-223345","1":"product","2":"type-product","3":"status-publish","4":"has-post-thumbnail","6":"product_cat-grouped","8":"first","9":"instock","10":"shipping-taxable","11":"purchasable","12":"product-type-variable","13":"wvs-archive-product-wrapper"},"_links":{"self":[{"href":"https:\/\/baldumarket.lt\/lt\/wp-json\/wp\/v2\/product\/223345","targetHints":{"allow":["GET"]}}],"collection":[{"href":"https:\/\/baldumarket.lt\/lt\/wp-json\/wp\/v2\/product"}],"about":[{"href":"https:\/\/baldumarket.lt\/lt\/wp-json\/wp\/v2\/types\/product"}],"replies":[{"embeddable":true,"href":"https:\/\/baldumarket.lt\/lt\/wp-json\/wp\/v2\/comments?post=223345"}],"wp:featuredmedia":[{"embeddable":true,"href":"https:\/\/baldumarket.lt\/lt\/wp-json\/wp\/v2\/media\/223356"}],"wp:attachment":[{"href":"https:\/\/baldumarket.lt\/lt\/wp-json\/wp\/v2\/media?parent=223345"}],"wp:term":[{"taxonomy":"product_brand","embeddable":true,"href":"https:\/\/baldumarket.lt\/lt\/wp-json\/wp\/v2\/product_brand?post=223345"},{"taxonomy":"product_cat","embeddable":true,"href":"https:\/\/baldumarket.lt\/lt\/wp-json\/wp\/v2\/product_cat?post=223345"},{"taxonomy":"product_tag","embeddable":true,"href":"https:\/\/baldumarket.lt\/lt\/wp-json\/wp\/v2\/product_tag?post=223345"}],"curies":[{"name":"wp","href":"https:\/\/api.w.org\/{rel}","templated":true}]}}