{"id":223325,"date":"2025-12-28T00:52:35","date_gmt":"2025-12-27T21:52:35","guid":{"rendered":"https:\/\/baldumarket.lt\/?post_type=product&#038;p=223325"},"modified":"2026-02-03T23:10:06","modified_gmt":"2026-02-03T20:10:06","slug":"fotel-nadia-gr4","status":"publish","type":"product","link":"https:\/\/baldumarket.lt\/lt\/product\/fotel-nadia-gr4\/","title":{"rendered":"Nadia Gr4 fotelis"},"content":{"rendered":"<p>\u201eNadia\u201c fotelis priklauso to paties pavadinimo bald\u0173 komplektui. I\u0161skirtiniai jo bruo\u017eai \u2013 kont\u016bruoti porankiai ir vertikalios, akordeono stiliaus si\u016bl\u0117s ant atlo\u0161o pagalv\u0117l\u0117s. Baldas stovi ant medin\u0117s kojel\u0117s, kuri\u0105 galima \u012fsigyti \u012fvairi\u0173 populiari\u0173 spalv\u0173. Apmu\u0161al\u0173 audini\u0173 ir kojeli\u0173 spalv\u0173 pavyzd\u017eius galite rasti \u201eProduct Creator\u201c svetain\u0117je.<\/p>","protected":false},"excerpt":{"rendered":"<p>Plotis: 89 cm<br \/>\nGylis: 81 cm<br \/>\nAuk\u0161tis: 92 cm<br \/>\nS\u0117dyn\u0117s gylis: 59 cm<br \/>\nS\u0117dyn\u0117s auk\u0161tis: 47 cm<\/p>","protected":false},"featured_media":223352,"comment_status":"open","ping_status":"closed","template":"","meta":[],"product_brand":[],"product_cat":[9133],"product_tag":[],"class_list":{"0":"post-223325","1":"product","2":"type-product","3":"status-publish","4":"has-post-thumbnail","6":"product_cat-grouped","8":"first","9":"instock","10":"shipping-taxable","11":"purchasable","12":"product-type-variable","13":"wvs-archive-product-wrapper"},"_links":{"self":[{"href":"https:\/\/baldumarket.lt\/lt\/wp-json\/wp\/v2\/product\/223325","targetHints":{"allow":["GET"]}}],"collection":[{"href":"https:\/\/baldumarket.lt\/lt\/wp-json\/wp\/v2\/product"}],"about":[{"href":"https:\/\/baldumarket.lt\/lt\/wp-json\/wp\/v2\/types\/product"}],"replies":[{"embeddable":true,"href":"https:\/\/baldumarket.lt\/lt\/wp-json\/wp\/v2\/comments?post=223325"}],"wp:featuredmedia":[{"embeddable":true,"href":"https:\/\/baldumarket.lt\/lt\/wp-json\/wp\/v2\/media\/223352"}],"wp:attachment":[{"href":"https:\/\/baldumarket.lt\/lt\/wp-json\/wp\/v2\/media?parent=223325"}],"wp:term":[{"taxonomy":"product_brand","embeddable":true,"href":"https:\/\/baldumarket.lt\/lt\/wp-json\/wp\/v2\/product_brand?post=223325"},{"taxonomy":"product_cat","embeddable":true,"href":"https:\/\/baldumarket.lt\/lt\/wp-json\/wp\/v2\/product_cat?post=223325"},{"taxonomy":"product_tag","embeddable":true,"href":"https:\/\/baldumarket.lt\/lt\/wp-json\/wp\/v2\/product_tag?post=223325"}],"curies":[{"name":"wp","href":"https:\/\/api.w.org\/{rel}","templated":true}]}}