{"id":223291,"date":"2025-12-28T00:50:32","date_gmt":"2025-12-27T21:50:32","guid":{"rendered":"https:\/\/baldumarket.lt\/?post_type=product&#038;p=223291"},"modified":"2026-02-03T23:10:09","modified_gmt":"2026-02-03T20:10:09","slug":"naroznik-amaro-otwarty-funkcja-spania-pojemnik-regulacja-zaglowkow-gr2","status":"publish","type":"product","link":"https:\/\/baldumarket.lt\/lt\/product\/naroznik-amaro-otwarty-funkcja-spania-pojemnik-regulacja-zaglowkow-gr2\/","title":{"rendered":"Amaro atvira kampin\u0117 sofa, miegojimo funkcija, daiktad\u0117\u017e\u0117, reguliuojami galvos atlo\u0161ai, Gr2"},"content":{"rendered":"<p>Kampin\u0117 sofa \u201eAmaro S2F+OTO Open\u201c traukia d\u0117mes\u012f eleganti\u0161ku stiliumi, kur\u012f pabr\u0117\u017eia horizontalios si\u016bl\u0117s atlo\u0161uose. S\u0117dyn\u0117s pagalv\u0117l\u0117s pagamintos i\u0161 didelio elastingumo putplas\u010dio su vingiuotomis spyruokl\u0117mis, tod\u0117l jos yra patvarios ir patogios. Reguliuojamos galvos atramos leid\u017eia kiekvienam naudotojui rasti patogiausi\u0105 pad\u0117t\u012f. \u201eDolphin\u201c miegojimo funkcija greitai ir lengvai paver\u010dia patogi\u0105 sof\u0105 erdvia miegojimo zona. Prakti\u0161kas patalyn\u0117s skyrius pufe taip pat puikiai tinka papildomoms antklod\u0117ms ir pagalv\u0117ms laikyti. Visas komplektas stovi ant plon\u0173 metalini\u0173 kojeli\u0173, kurios suteikia jam lengvumo. Baldai yra kairiarankiams ir de\u0161iniarankiams, ir juos surinkti reikia minimaliai. Audini\u0173 pavyzd\u017eius galite rasti \u201eProduct Creator\u201c svetain\u0117je.<\/p>","protected":false},"excerpt":{"rendered":"<p>Plotis: 258 cm<br \/>\nGylis: 178 cm<br \/>\nAuk\u0161tis: 88 cm<br \/>\nS\u0117dyn\u0117s gylis: 56 cm<br \/>\nS\u0117dyn\u0117s auk\u0161tis: 44 cm<\/p>","protected":false},"featured_media":223326,"comment_status":"open","ping_status":"closed","template":"","meta":[],"product_brand":[],"product_cat":[9133],"product_tag":[],"class_list":{"0":"post-223291","1":"product","2":"type-product","3":"status-publish","4":"has-post-thumbnail","6":"product_cat-grouped","8":"first","9":"instock","10":"shipping-taxable","11":"purchasable","12":"product-type-variable","13":"wvs-archive-product-wrapper"},"_links":{"self":[{"href":"https:\/\/baldumarket.lt\/lt\/wp-json\/wp\/v2\/product\/223291","targetHints":{"allow":["GET"]}}],"collection":[{"href":"https:\/\/baldumarket.lt\/lt\/wp-json\/wp\/v2\/product"}],"about":[{"href":"https:\/\/baldumarket.lt\/lt\/wp-json\/wp\/v2\/types\/product"}],"replies":[{"embeddable":true,"href":"https:\/\/baldumarket.lt\/lt\/wp-json\/wp\/v2\/comments?post=223291"}],"wp:featuredmedia":[{"embeddable":true,"href":"https:\/\/baldumarket.lt\/lt\/wp-json\/wp\/v2\/media\/223326"}],"wp:attachment":[{"href":"https:\/\/baldumarket.lt\/lt\/wp-json\/wp\/v2\/media?parent=223291"}],"wp:term":[{"taxonomy":"product_brand","embeddable":true,"href":"https:\/\/baldumarket.lt\/lt\/wp-json\/wp\/v2\/product_brand?post=223291"},{"taxonomy":"product_cat","embeddable":true,"href":"https:\/\/baldumarket.lt\/lt\/wp-json\/wp\/v2\/product_cat?post=223291"},{"taxonomy":"product_tag","embeddable":true,"href":"https:\/\/baldumarket.lt\/lt\/wp-json\/wp\/v2\/product_tag?post=223291"}],"curies":[{"name":"wp","href":"https:\/\/api.w.org\/{rel}","templated":true}]}}