{"id":223282,"date":"2025-12-28T00:49:47","date_gmt":"2025-12-27T21:49:47","guid":{"rendered":"https:\/\/baldumarket.lt\/?post_type=product&#038;p=223282"},"modified":"2026-02-03T23:10:11","modified_gmt":"2026-02-03T20:10:11","slug":"naroznik-amaro-u-form-funkcja-spania-pojemnik-regulowane-zaglowki-gr3","status":"publish","type":"product","link":"https:\/\/baldumarket.lt\/lt\/product\/naroznik-amaro-u-form-funkcja-spania-pojemnik-regulowane-zaglowki-gr3\/","title":{"rendered":"Amaro U formos kampin\u0117 sofa, miegojimo funkcija, konteineris, reguliuojamos galvos atramos Gr3"},"content":{"rendered":"<p>\u201eAmaro\u201c U formos modulin\u0117 kampin\u0117 sofa pasi\u017eymi i\u0161skirtiniu U formos dizainu. D\u0117l modernaus ir eleganti\u0161ko stiliaus ji puikiai papildys bet kur\u012f \u0161iuolaiki\u0161k\u0105 svetain\u0119. Baldo charakter\u012f pabr\u0117\u017eia horizontalios s\u0117dyni\u0173 pagalv\u0117li\u0173 si\u016bl\u0117s ir modernios metalin\u0117s kojel\u0117s. Kampin\u0117 sofa turi lengvai naudojam\u0105 ir patogi\u0105 delfino miegojimo funkcij\u0105 bei patalyn\u0117s skyri\u0173. Ji si\u016bloma kairiarankiams ir de\u0161iniarankiams. Audini\u0173 pavyzd\u017eius galite rasti \u201eProdukto k\u016br\u0117jo\u201c svetain\u0117je. \u012e kampin\u0117s sofos kain\u0105 ne\u012fskai\u010diuoti mediniai aksesuarai.<\/p>","protected":false},"excerpt":{"rendered":"<p>Plotis: 358 cm<br \/>\nGylis: 260 cm<br \/>\nAuk\u0161tis: 88 cm<br \/>\nGylis 2: 257 cm<br \/>\nS\u0117dyn\u0117s gylis: 56 cm<\/p>","protected":false},"featured_media":223306,"comment_status":"open","ping_status":"closed","template":"","meta":[],"product_brand":[],"product_cat":[9133],"product_tag":[],"class_list":{"0":"post-223282","1":"product","2":"type-product","3":"status-publish","4":"has-post-thumbnail","6":"product_cat-grouped","8":"first","9":"instock","10":"shipping-taxable","11":"purchasable","12":"product-type-variable","13":"wvs-archive-product-wrapper"},"_links":{"self":[{"href":"https:\/\/baldumarket.lt\/lt\/wp-json\/wp\/v2\/product\/223282","targetHints":{"allow":["GET"]}}],"collection":[{"href":"https:\/\/baldumarket.lt\/lt\/wp-json\/wp\/v2\/product"}],"about":[{"href":"https:\/\/baldumarket.lt\/lt\/wp-json\/wp\/v2\/types\/product"}],"replies":[{"embeddable":true,"href":"https:\/\/baldumarket.lt\/lt\/wp-json\/wp\/v2\/comments?post=223282"}],"wp:featuredmedia":[{"embeddable":true,"href":"https:\/\/baldumarket.lt\/lt\/wp-json\/wp\/v2\/media\/223306"}],"wp:attachment":[{"href":"https:\/\/baldumarket.lt\/lt\/wp-json\/wp\/v2\/media?parent=223282"}],"wp:term":[{"taxonomy":"product_brand","embeddable":true,"href":"https:\/\/baldumarket.lt\/lt\/wp-json\/wp\/v2\/product_brand?post=223282"},{"taxonomy":"product_cat","embeddable":true,"href":"https:\/\/baldumarket.lt\/lt\/wp-json\/wp\/v2\/product_cat?post=223282"},{"taxonomy":"product_tag","embeddable":true,"href":"https:\/\/baldumarket.lt\/lt\/wp-json\/wp\/v2\/product_tag?post=223282"}],"curies":[{"name":"wp","href":"https:\/\/api.w.org\/{rel}","templated":true}]}}