{"id":223270,"date":"2025-12-28T00:49:03","date_gmt":"2025-12-27T21:49:03","guid":{"rendered":"https:\/\/baldumarket.lt\/?post_type=product&#038;p=223270"},"modified":"2026-02-03T23:10:11","modified_gmt":"2026-02-03T20:10:11","slug":"naroznik-amaro-zamkniety-funkcja-spania-pojemnik-regulowane-zaglowki-comforteo","status":"publish","type":"product","link":"https:\/\/baldumarket.lt\/lt\/product\/naroznik-amaro-zamkniety-funkcja-spania-pojemnik-regulowane-zaglowki-comforteo\/","title":{"rendered":"Amaro u\u017edara kampin\u0117 sofa, miegojimo funkcija, daiktad\u0117\u017e\u0117, reguliuojamos galvos atramos, COMFORTEO"},"content":{"rendered":"<p>U\u017edara L formos kampin\u0117 sofa \u201eAmaro S2F+E+OTM+A2\u201c turi reguliuojamas galvos atramas, kurios padidina jos naudojimo patogum\u0105. Miego funkcija \u201eDolphin\u201c greitai paver\u010dia patogi\u0105 sof\u0105 erdvia miegojimo vieta. Sofoje yra patalyn\u0117s skyrius, kuriame taip pat galima pasid\u0117ti papildom\u0105 antklod\u0119 ar pagalv\u0119. Kampin\u0117 sofa pasi\u017eymi gra\u017eiu, moderniu dizainu, kur\u012f pary\u0161kina horizontalios si\u016bl\u0117s ant atlo\u0161o pagalv\u0117li\u0173. Visas baldas pastatytas ant metalini\u0173 kojeli\u0173. Baldai gali b\u016bti kairiniai ir de\u0161ininiai, pasirenkami i\u0161 plataus audini\u0173 pasirinkimo. Apmu\u0161al\u0173 pavyzd\u017ei\u0173 galite rasti \u201eProdukto k\u016br\u0117jo\u201c svetain\u0117je.<\/p>","protected":false},"excerpt":{"rendered":"<p>The Amaro S2F+E+OTM+A2 Closed L-Shaped Corner Sofa features adjustable headrests that enhance its usability. The Dolphin sleeping function quickly transforms the comfortable sofa into a spacious sleeping space. The sofa features a bedding compartment that can also accommodate an additional blanket or pillow. The corner sofa boasts a beautiful, modern design enhanced by horizontal stitching [&hellip;]<\/p>","protected":false},"featured_media":223297,"comment_status":"open","ping_status":"closed","template":"","meta":[],"product_brand":[],"product_cat":[7906,616,1983],"product_tag":[],"class_list":{"0":"post-223270","1":"product","2":"type-product","3":"status-publish","4":"has-post-thumbnail","6":"product_cat-comforteo","7":"product_cat-corners","8":"product_cat-corners-l","10":"first","11":"instock","12":"shipping-taxable","13":"product-type-grouped"},"_links":{"self":[{"href":"https:\/\/baldumarket.lt\/lt\/wp-json\/wp\/v2\/product\/223270","targetHints":{"allow":["GET"]}}],"collection":[{"href":"https:\/\/baldumarket.lt\/lt\/wp-json\/wp\/v2\/product"}],"about":[{"href":"https:\/\/baldumarket.lt\/lt\/wp-json\/wp\/v2\/types\/product"}],"replies":[{"embeddable":true,"href":"https:\/\/baldumarket.lt\/lt\/wp-json\/wp\/v2\/comments?post=223270"}],"wp:featuredmedia":[{"embeddable":true,"href":"https:\/\/baldumarket.lt\/lt\/wp-json\/wp\/v2\/media\/223297"}],"wp:attachment":[{"href":"https:\/\/baldumarket.lt\/lt\/wp-json\/wp\/v2\/media?parent=223270"}],"wp:term":[{"taxonomy":"product_brand","embeddable":true,"href":"https:\/\/baldumarket.lt\/lt\/wp-json\/wp\/v2\/product_brand?post=223270"},{"taxonomy":"product_cat","embeddable":true,"href":"https:\/\/baldumarket.lt\/lt\/wp-json\/wp\/v2\/product_cat?post=223270"},{"taxonomy":"product_tag","embeddable":true,"href":"https:\/\/baldumarket.lt\/lt\/wp-json\/wp\/v2\/product_tag?post=223270"}],"curies":[{"name":"wp","href":"https:\/\/api.w.org\/{rel}","templated":true}]}}