{"id":223250,"date":"2025-12-28T00:47:56","date_gmt":"2025-12-27T21:47:56","guid":{"rendered":"https:\/\/baldumarket.lt\/?post_type=product&#038;p=223250"},"modified":"2026-02-03T23:10:13","modified_gmt":"2026-02-03T20:10:13","slug":"naroznik-bardo-trojkatne-poduszeczki-funkcja-spania-pojemniki-gr4","status":"publish","type":"product","link":"https:\/\/baldumarket.lt\/lt\/product\/naroznik-bardo-trojkatne-poduszeczki-funkcja-spania-pojemniki-gr4\/","title":{"rendered":"Bardo kampin\u0117 sofa, trikamp\u0117s pagalv\u0117l\u0117s, miegojimo funkcija, Gr4 konteineriai"},"content":{"rendered":"<p>Eleganti\u0161ka i\u0161skleid\u017eiama kampin\u0117 sofa \u201eBardo\u201c d\u0117l savo unikalaus dizaino puikiai der\u0117s prie beveik bet kokio \u0161iuolaikinio interjero stiliaus. Tai puikus sprendimas ma\u017eoms erdv\u0117ms, u\u017etikrinantis komfort\u0105 ir funkcionalum\u0105. Ji turi DL miegojimo funkcij\u0105 ir patalyn\u0117s skyri\u0173. S\u0117dyn\u0117s pagalv\u0117l\u0117s apr\u016bpintos vingiuotomis spyruokl\u0117mis ir poliuretano putomis, o daugiakamer\u0117s atlo\u0161o pagalv\u0117l\u0117s u\u017epildytos specialiu silikono ir poliuretano mi\u0161iniu. Kampin\u0117 sofa si\u016bloma su \u012fvairiais apmu\u0161alais, o pavyzd\u017ei\u0173 galite rasti \u201eProduct Creator\u201c svetain\u0117je. Ji si\u016bloma kairiarankiams ir de\u0161iniarankiams. Komplekte yra i\u0161skirtin\u0117s, trikamp\u0117s pagalv\u0117l\u0117s, o surinkimas yra minimalus.<\/p>","protected":false},"excerpt":{"rendered":"<p>Plotis: 241 cm<br \/>\nGylis: 172 cm<br \/>\nAuk\u0161tis: 90 cm<br \/>\nS\u0117dyn\u0117s gylis: 55 cm<br \/>\nS\u0117dyn\u0117s auk\u0161tis: 45 cm<\/p>","protected":false},"featured_media":223273,"comment_status":"open","ping_status":"closed","template":"","meta":[],"product_brand":[],"product_cat":[9133],"product_tag":[],"class_list":{"0":"post-223250","1":"product","2":"type-product","3":"status-publish","4":"has-post-thumbnail","6":"product_cat-grouped","8":"first","9":"instock","10":"shipping-taxable","11":"purchasable","12":"product-type-variable","13":"wvs-archive-product-wrapper"},"_links":{"self":[{"href":"https:\/\/baldumarket.lt\/lt\/wp-json\/wp\/v2\/product\/223250","targetHints":{"allow":["GET"]}}],"collection":[{"href":"https:\/\/baldumarket.lt\/lt\/wp-json\/wp\/v2\/product"}],"about":[{"href":"https:\/\/baldumarket.lt\/lt\/wp-json\/wp\/v2\/types\/product"}],"replies":[{"embeddable":true,"href":"https:\/\/baldumarket.lt\/lt\/wp-json\/wp\/v2\/comments?post=223250"}],"wp:featuredmedia":[{"embeddable":true,"href":"https:\/\/baldumarket.lt\/lt\/wp-json\/wp\/v2\/media\/223273"}],"wp:attachment":[{"href":"https:\/\/baldumarket.lt\/lt\/wp-json\/wp\/v2\/media?parent=223250"}],"wp:term":[{"taxonomy":"product_brand","embeddable":true,"href":"https:\/\/baldumarket.lt\/lt\/wp-json\/wp\/v2\/product_brand?post=223250"},{"taxonomy":"product_cat","embeddable":true,"href":"https:\/\/baldumarket.lt\/lt\/wp-json\/wp\/v2\/product_cat?post=223250"},{"taxonomy":"product_tag","embeddable":true,"href":"https:\/\/baldumarket.lt\/lt\/wp-json\/wp\/v2\/product_tag?post=223250"}],"curies":[{"name":"wp","href":"https:\/\/api.w.org\/{rel}","templated":true}]}}