{"id":223204,"date":"2025-12-28T00:45:17","date_gmt":"2025-12-27T21:45:17","guid":{"rendered":"https:\/\/baldumarket.lt\/?post_type=product&#038;p=223204"},"modified":"2026-02-03T23:10:15","modified_gmt":"2026-02-03T20:10:15","slug":"naroznik-blueberry-gr2","status":"publish","type":"product","link":"https:\/\/baldumarket.lt\/lt\/product\/naroznik-blueberry-gr2\/","title":{"rendered":"M\u0117lyni\u0173 Gr2 kampin\u0117 sofa"},"content":{"rendered":"<p>\u201eBlueberry\u201c kampin\u0117 sofa \u2013 tai komforto ir stiliaus \u012fsik\u016bnijimas, sukurta sukurti erdv\u0119, kurioje kiekvienas gal\u0117t\u0173 atsipalaiduoti. Jos dizain\u0105 \u012fkv\u0117p\u0117 nat\u016bralios, tekan\u010dios formos, suteikian\u010dios interjerui ramyb\u0117s ir harmonijos.<\/p>","protected":false},"excerpt":{"rendered":"<p>Plotis: 318 cm<br \/>\nGylis: 172 cm<br \/>\nAuk\u0161tis: 87 cm<br \/>\nS\u0117dyn\u0117s gylis: 61 cm<br \/>\nS\u0117dyn\u0117s auk\u0161tis: 45 cm<\/p>","protected":false},"featured_media":223238,"comment_status":"open","ping_status":"closed","template":"","meta":[],"product_brand":[],"product_cat":[9133],"product_tag":[],"class_list":{"0":"post-223204","1":"product","2":"type-product","3":"status-publish","4":"has-post-thumbnail","6":"product_cat-grouped","8":"first","9":"instock","10":"shipping-taxable","11":"purchasable","12":"product-type-variable","13":"wvs-archive-product-wrapper"},"_links":{"self":[{"href":"https:\/\/baldumarket.lt\/lt\/wp-json\/wp\/v2\/product\/223204","targetHints":{"allow":["GET"]}}],"collection":[{"href":"https:\/\/baldumarket.lt\/lt\/wp-json\/wp\/v2\/product"}],"about":[{"href":"https:\/\/baldumarket.lt\/lt\/wp-json\/wp\/v2\/types\/product"}],"replies":[{"embeddable":true,"href":"https:\/\/baldumarket.lt\/lt\/wp-json\/wp\/v2\/comments?post=223204"}],"wp:featuredmedia":[{"embeddable":true,"href":"https:\/\/baldumarket.lt\/lt\/wp-json\/wp\/v2\/media\/223238"}],"wp:attachment":[{"href":"https:\/\/baldumarket.lt\/lt\/wp-json\/wp\/v2\/media?parent=223204"}],"wp:term":[{"taxonomy":"product_brand","embeddable":true,"href":"https:\/\/baldumarket.lt\/lt\/wp-json\/wp\/v2\/product_brand?post=223204"},{"taxonomy":"product_cat","embeddable":true,"href":"https:\/\/baldumarket.lt\/lt\/wp-json\/wp\/v2\/product_cat?post=223204"},{"taxonomy":"product_tag","embeddable":true,"href":"https:\/\/baldumarket.lt\/lt\/wp-json\/wp\/v2\/product_tag?post=223204"}],"curies":[{"name":"wp","href":"https:\/\/api.w.org\/{rel}","templated":true}]}}