{"id":223195,"date":"2025-12-28T00:44:38","date_gmt":"2025-12-27T21:44:38","guid":{"rendered":"https:\/\/baldumarket.lt\/?post_type=product&#038;p=223195"},"modified":"2026-02-03T23:10:16","modified_gmt":"2026-02-03T20:10:16","slug":"naroznik-cozy-funkcja-spania-pojemnik-gr3","status":"publish","type":"product","link":"https:\/\/baldumarket.lt\/lt\/product\/naroznik-cozy-funkcja-spania-pojemnik-gr3\/","title":{"rendered":"Jauki kampin\u0117 sofa, miegojimo funkcija, Gr3 konteineris"},"content":{"rendered":"<p>\u201eCozy\u201c kampin\u0117 sofa \u017eavi savo stiliumi ir kokybi\u0161ka gamyba. Ji turi DL miegojimo funkcij\u0105, kuri greitai ir lengvai suteikia pakankamai vietos poilsiui tiek nakt\u012f, tiek dien\u0105. I\u0161skleidimo proces\u0105 palengvina automatiniai spyruokliniai mechanizmai, nereikalaujantys ypating\u0173 pastang\u0173. Erdviame patalyn\u0117s skyriuje taip pat galima laikyti papildom\u0105 antklod\u0119 ar u\u017etiesal\u0105. Vingiuotos spyruokl\u0117s, \u201eBonnell\u201c spyruokl\u0117s ir didelio elastingumo putplastis s\u0117dyn\u0117s pagalv\u0117l\u0117se u\u017etikrina komfort\u0105. Komplekt\u0105 galima u\u017esisakyti kairiosios arba de\u0161iniosios pus\u0117s versijos ir j\u012f surinkti labai retai. Apmu\u0161al\u0173 audini\u0173 pavyzd\u017eius galite rasti gamini\u0173 vedlyje.<\/p>","protected":false},"excerpt":{"rendered":"<p>Plotis: 244 cm<br \/>\nGylis: 160 cm<br \/>\nAuk\u0161tis: 92 cm<br \/>\nS\u0117dyn\u0117s gylis: 60 cm<br \/>\nS\u0117dyn\u0117s auk\u0161tis: 45 cm<\/p>","protected":false},"featured_media":223228,"comment_status":"open","ping_status":"closed","template":"","meta":[],"product_brand":[],"product_cat":[9133],"product_tag":[],"class_list":{"0":"post-223195","1":"product","2":"type-product","3":"status-publish","4":"has-post-thumbnail","6":"product_cat-grouped","8":"first","9":"instock","10":"shipping-taxable","11":"purchasable","12":"product-type-variable","13":"wvs-archive-product-wrapper"},"_links":{"self":[{"href":"https:\/\/baldumarket.lt\/lt\/wp-json\/wp\/v2\/product\/223195","targetHints":{"allow":["GET"]}}],"collection":[{"href":"https:\/\/baldumarket.lt\/lt\/wp-json\/wp\/v2\/product"}],"about":[{"href":"https:\/\/baldumarket.lt\/lt\/wp-json\/wp\/v2\/types\/product"}],"replies":[{"embeddable":true,"href":"https:\/\/baldumarket.lt\/lt\/wp-json\/wp\/v2\/comments?post=223195"}],"wp:featuredmedia":[{"embeddable":true,"href":"https:\/\/baldumarket.lt\/lt\/wp-json\/wp\/v2\/media\/223228"}],"wp:attachment":[{"href":"https:\/\/baldumarket.lt\/lt\/wp-json\/wp\/v2\/media?parent=223195"}],"wp:term":[{"taxonomy":"product_brand","embeddable":true,"href":"https:\/\/baldumarket.lt\/lt\/wp-json\/wp\/v2\/product_brand?post=223195"},{"taxonomy":"product_cat","embeddable":true,"href":"https:\/\/baldumarket.lt\/lt\/wp-json\/wp\/v2\/product_cat?post=223195"},{"taxonomy":"product_tag","embeddable":true,"href":"https:\/\/baldumarket.lt\/lt\/wp-json\/wp\/v2\/product_tag?post=223195"}],"curies":[{"name":"wp","href":"https:\/\/api.w.org\/{rel}","templated":true}]}}