{"id":223168,"date":"2025-12-28T00:43:16","date_gmt":"2025-12-27T21:43:16","guid":{"rendered":"https:\/\/baldumarket.lt\/?post_type=product&#038;p=223168"},"modified":"2026-02-03T23:10:17","modified_gmt":"2026-02-03T20:10:17","slug":"naroznik-daytona-funkcja-spania-pojemnik-regulowane-zaglowki-gr2","status":"publish","type":"product","link":"https:\/\/baldumarket.lt\/lt\/product\/naroznik-daytona-funkcja-spania-pojemnik-regulowane-zaglowki-gr2\/","title":{"rendered":"Daytona kampin\u0117 sofa, miegojimo funkcija, konteineris, reguliuojamos galvos atramos Gr2"},"content":{"rendered":"<p>Eleganti\u0161ka kampin\u0117 sofa \u201eComforteo \u2013 Daytona\u201c turi reguliuojamas galvos atramas, kad b\u016bt\u0173 galima individualiai reguliuoti galvos pad\u0117t\u012f ir u\u017etikrinti patogiausi\u0105 pad\u0117t\u012f \u017ei\u016brint m\u0117gstamus serialus. Kont\u016bruotos ir dygsniuotos atlo\u0161o bei s\u0117dyn\u0117s pagalv\u0117l\u0117s pabr\u0117\u017eia komplekto presti\u017ein\u012f charakter\u012f. Kampin\u0117 sofa turi patogi\u0105 \u201ePuma\u201c miegojimo funkcij\u0105 ir prakti\u0161k\u0105 patalyn\u0117s skyri\u0173. \u0160is baldas puikiai papildys \u0161iuolaikines svetaines ir darbo erdves ir yra tiek de\u0161inin\u0117s, tiek kair\u0117s pus\u0117s versij\u0173. Komplekt\u0105 galima \u012fsigyti su \u012fvairiais apmu\u0161al\u0173 audiniais. Audini\u0173 pavyzd\u017eius rasite produkto k\u016br\u0117jo dokumente.<\/p>","protected":false},"excerpt":{"rendered":"<p>Plotis: 254 cm<br \/>\nGylis: 205 cm<br \/>\nAuk\u0161tis: 89 cm<br \/>\nS\u0117dyn\u0117s gylis: 60 cm<br \/>\nS\u0117dyn\u0117s auk\u0161tis: 45 cm<\/p>","protected":false},"featured_media":223208,"comment_status":"open","ping_status":"closed","template":"","meta":[],"product_brand":[],"product_cat":[9133],"product_tag":[],"class_list":{"0":"post-223168","1":"product","2":"type-product","3":"status-publish","4":"has-post-thumbnail","6":"product_cat-grouped","8":"first","9":"instock","10":"shipping-taxable","11":"purchasable","12":"product-type-variable","13":"wvs-archive-product-wrapper"},"_links":{"self":[{"href":"https:\/\/baldumarket.lt\/lt\/wp-json\/wp\/v2\/product\/223168","targetHints":{"allow":["GET"]}}],"collection":[{"href":"https:\/\/baldumarket.lt\/lt\/wp-json\/wp\/v2\/product"}],"about":[{"href":"https:\/\/baldumarket.lt\/lt\/wp-json\/wp\/v2\/types\/product"}],"replies":[{"embeddable":true,"href":"https:\/\/baldumarket.lt\/lt\/wp-json\/wp\/v2\/comments?post=223168"}],"wp:featuredmedia":[{"embeddable":true,"href":"https:\/\/baldumarket.lt\/lt\/wp-json\/wp\/v2\/media\/223208"}],"wp:attachment":[{"href":"https:\/\/baldumarket.lt\/lt\/wp-json\/wp\/v2\/media?parent=223168"}],"wp:term":[{"taxonomy":"product_brand","embeddable":true,"href":"https:\/\/baldumarket.lt\/lt\/wp-json\/wp\/v2\/product_brand?post=223168"},{"taxonomy":"product_cat","embeddable":true,"href":"https:\/\/baldumarket.lt\/lt\/wp-json\/wp\/v2\/product_cat?post=223168"},{"taxonomy":"product_tag","embeddable":true,"href":"https:\/\/baldumarket.lt\/lt\/wp-json\/wp\/v2\/product_tag?post=223168"}],"curies":[{"name":"wp","href":"https:\/\/api.w.org\/{rel}","templated":true}]}}