{"id":223152,"date":"2025-12-28T00:42:05","date_gmt":"2025-12-27T21:42:05","guid":{"rendered":"https:\/\/baldumarket.lt\/?post_type=product&#038;p=223152"},"modified":"2026-02-03T23:10:18","modified_gmt":"2026-02-03T20:10:18","slug":"naroznik-delanto-otwarty-wloska-funkcja-spania-pojemnik-gr3","status":"publish","type":"product","link":"https:\/\/baldumarket.lt\/lt\/product\/naroznik-delanto-otwarty-wloska-funkcja-spania-pojemnik-gr3\/","title":{"rendered":"Delanto atvira kampin\u0117 sofa, itali\u0161ka miegojimo funkcija, Gr3 konteineris"},"content":{"rendered":"<p>Garsaus Lenkijos gamintojo \u201eComforteo\u201c \u201eDelanto\u201c atvira kampin\u0117 sofa \u2013 puikus pasirinkimas ie\u0161kantiems stilingo poilsio kambario baldo, kuriame der\u0117t\u0173 eleganti\u0161kas dizainas ir novatori\u0161kas funkcionalumas. Harmoninga forma, subtilios si\u016bl\u0117s ir proporcinga forma \u201eDelanto\u201c puikiai tinka tiek klasikiniam, tiek moderniam interjerui. Atvira kampin\u0117s sofos versija neturi \u012fmontuoto atlo\u0161o \u2013 idealiai tinka erdvioms svetain\u0117ms, kur b\u016btina lengva forma. Atviras dizainas suteikia interjerui vizualinio lengvumo ir leid\u017eia lanks\u010diau naudoti.<\/p>","protected":false},"excerpt":{"rendered":"<p>Plotis: 260 cm<br \/>\nGylis: 160 cm<br \/>\nAuk\u0161tis: 94 cm<br \/>\nS\u0117dyn\u0117s gylis: 60 cm<br \/>\nS\u0117dyn\u0117s auk\u0161tis: 45 cm<\/p>","protected":false},"featured_media":223184,"comment_status":"open","ping_status":"closed","template":"","meta":[],"product_brand":[],"product_cat":[9133],"product_tag":[],"class_list":{"0":"post-223152","1":"product","2":"type-product","3":"status-publish","4":"has-post-thumbnail","6":"product_cat-grouped","8":"first","9":"instock","10":"shipping-taxable","11":"purchasable","12":"product-type-variable","13":"wvs-archive-product-wrapper"},"_links":{"self":[{"href":"https:\/\/baldumarket.lt\/lt\/wp-json\/wp\/v2\/product\/223152","targetHints":{"allow":["GET"]}}],"collection":[{"href":"https:\/\/baldumarket.lt\/lt\/wp-json\/wp\/v2\/product"}],"about":[{"href":"https:\/\/baldumarket.lt\/lt\/wp-json\/wp\/v2\/types\/product"}],"replies":[{"embeddable":true,"href":"https:\/\/baldumarket.lt\/lt\/wp-json\/wp\/v2\/comments?post=223152"}],"wp:featuredmedia":[{"embeddable":true,"href":"https:\/\/baldumarket.lt\/lt\/wp-json\/wp\/v2\/media\/223184"}],"wp:attachment":[{"href":"https:\/\/baldumarket.lt\/lt\/wp-json\/wp\/v2\/media?parent=223152"}],"wp:term":[{"taxonomy":"product_brand","embeddable":true,"href":"https:\/\/baldumarket.lt\/lt\/wp-json\/wp\/v2\/product_brand?post=223152"},{"taxonomy":"product_cat","embeddable":true,"href":"https:\/\/baldumarket.lt\/lt\/wp-json\/wp\/v2\/product_cat?post=223152"},{"taxonomy":"product_tag","embeddable":true,"href":"https:\/\/baldumarket.lt\/lt\/wp-json\/wp\/v2\/product_tag?post=223152"}],"curies":[{"name":"wp","href":"https:\/\/api.w.org\/{rel}","templated":true}]}}