{"id":223143,"date":"2025-12-28T00:41:28","date_gmt":"2025-12-27T21:41:28","guid":{"rendered":"https:\/\/baldumarket.lt\/?post_type=product&#038;p=223143"},"modified":"2026-02-03T23:10:19","modified_gmt":"2026-02-03T20:10:19","slug":"naroznik-flavio-maly-otwarty-funkcja-spania-pojemnik-gr4","status":"publish","type":"product","link":"https:\/\/baldumarket.lt\/lt\/product\/naroznik-flavio-maly-otwarty-funkcja-spania-pojemnik-gr4\/","title":{"rendered":"Flavio ma\u017ea atvira kampin\u0117 sofa, miegojimo funkcija, Gr4 konteineris"},"content":{"rendered":"<p>\u201eFlavio Open L5+L6F+1F\u201c kampin\u0117 sofa \u2013 ma\u017ea, d\u0117l savo kompakti\u0161ko dyd\u017eio puikiai tilps net ir ma\u017eiausioje erdv\u0117je. Ji turi \u201eDolphin\u201c miegojimo funkcij\u0105, leid\u017eian\u010di\u0105 greitai transformuoti patogi\u0105 sof\u0105 \u012f erdvi\u0105 miegojimo zon\u0105. Dar vienas \u0161ios kampin\u0117s sofos privalumas \u2013 prakti\u0161kas, sulankstomas patalyn\u0117s d\u0117klas. S\u0117dyn\u0117s pagalv\u0117l\u0117s u\u017epildytos zigzago spyruokl\u0117mis ir didelio elastingumo HR putomis. Atlo\u0161o pagalv\u0117l\u0117s u\u017epildytos poliuretano-silikono u\u017epildu. \u0160is derinys daro kampin\u0119 sof\u0105 labai patogi\u0105 ir patvari\u0105. Visas baldas stovi ant metalini\u0173 kojeli\u0173, kurios pabr\u0117\u017eia baldo charakter\u012f ir suteikia jam presti\u017einio elegancijos prisilietimo. Galimas platus apmu\u0161al\u0173 audini\u0173 pasirinkimas, kur\u012f galite rasti produkto k\u016br\u0117jo svetain\u0117je. Kampin\u0117 sofa yra kair\u0117s ir de\u0161in\u0117s pus\u0117s.<\/p>","protected":false},"excerpt":{"rendered":"<p>Plotis: 268 cm<br \/>\nGylis: 179 cm<br \/>\nAuk\u0161tis: 91 cm<br \/>\nS\u0117dyn\u0117s gylis: 58 cm<br \/>\nS\u0117dyn\u0117s auk\u0161tis: 46 cm<\/p>","protected":false},"featured_media":223174,"comment_status":"open","ping_status":"closed","template":"","meta":[],"product_brand":[],"product_cat":[9133],"product_tag":[],"class_list":{"0":"post-223143","1":"product","2":"type-product","3":"status-publish","4":"has-post-thumbnail","6":"product_cat-grouped","8":"first","9":"instock","10":"shipping-taxable","11":"purchasable","12":"product-type-variable","13":"wvs-archive-product-wrapper"},"_links":{"self":[{"href":"https:\/\/baldumarket.lt\/lt\/wp-json\/wp\/v2\/product\/223143","targetHints":{"allow":["GET"]}}],"collection":[{"href":"https:\/\/baldumarket.lt\/lt\/wp-json\/wp\/v2\/product"}],"about":[{"href":"https:\/\/baldumarket.lt\/lt\/wp-json\/wp\/v2\/types\/product"}],"replies":[{"embeddable":true,"href":"https:\/\/baldumarket.lt\/lt\/wp-json\/wp\/v2\/comments?post=223143"}],"wp:featuredmedia":[{"embeddable":true,"href":"https:\/\/baldumarket.lt\/lt\/wp-json\/wp\/v2\/media\/223174"}],"wp:attachment":[{"href":"https:\/\/baldumarket.lt\/lt\/wp-json\/wp\/v2\/media?parent=223143"}],"wp:term":[{"taxonomy":"product_brand","embeddable":true,"href":"https:\/\/baldumarket.lt\/lt\/wp-json\/wp\/v2\/product_brand?post=223143"},{"taxonomy":"product_cat","embeddable":true,"href":"https:\/\/baldumarket.lt\/lt\/wp-json\/wp\/v2\/product_cat?post=223143"},{"taxonomy":"product_tag","embeddable":true,"href":"https:\/\/baldumarket.lt\/lt\/wp-json\/wp\/v2\/product_tag?post=223143"}],"curies":[{"name":"wp","href":"https:\/\/api.w.org\/{rel}","templated":true}]}}