{"id":223114,"date":"2025-12-28T00:40:03","date_gmt":"2025-12-27T21:40:03","guid":{"rendered":"https:\/\/baldumarket.lt\/?post_type=product&#038;p=223114"},"modified":"2026-02-03T23:10:21","modified_gmt":"2026-02-03T20:10:21","slug":"naroznik-flavio-otwarty-funkcja-spania-pojemnik-gr2","status":"publish","type":"product","link":"https:\/\/baldumarket.lt\/lt\/product\/naroznik-flavio-otwarty-funkcja-spania-pojemnik-gr2\/","title":{"rendered":"Flavio atvira kampin\u0117 sofa, miegojimo funkcija, Gr2 konteineris"},"content":{"rendered":"<p>\u201eFlavio Open\u201c kampin\u0117 sofa turi \u201eDolphin\u201c miegojimo funkcij\u0105 ir \u012fmontuot\u0105 patalyn\u0117s d\u0117\u017e\u0119. S\u0117dyn\u0117s pagalv\u0117l\u0117s u\u017epildytos vingiuotomis spyruokl\u0117mis ir labai elastingomis HR poliuretano putomis. Atlo\u0161o pagalv\u0117l\u0117s u\u017epildytos poliuretano ir silikono junginiu. \u0160is derinys daro bald\u0105 labai patog\u0173 ir patvar\u0173. Visas baldas stovi ant metalini\u0173 kojeli\u0173, kurios pabr\u0117\u017eia baldo charakter\u012f ir suteikia jam presti\u017einio elegancijos prisilietim\u0105. Kampin\u0119 sof\u0105 galima \u012fsigyti i\u0161 plataus audini\u0173 asortimento, kur\u012f rasite gaminio k\u016br\u0117jo svetain\u0117je.<\/p>","protected":false},"excerpt":{"rendered":"<p>Plotis: 296 cm<br \/>\nGylis: 179 cm<br \/>\nAuk\u0161tis: 91 cm<br \/>\nS\u0117dyn\u0117s gylis: 58 cm<br \/>\nS\u0117dyn\u0117s auk\u0161tis: 46 cm<\/p>","protected":false},"featured_media":223154,"comment_status":"open","ping_status":"closed","template":"","meta":[],"product_brand":[],"product_cat":[9133],"product_tag":[],"class_list":{"0":"post-223114","1":"product","2":"type-product","3":"status-publish","4":"has-post-thumbnail","6":"product_cat-grouped","8":"first","9":"instock","10":"shipping-taxable","11":"purchasable","12":"product-type-variable","13":"wvs-archive-product-wrapper"},"_links":{"self":[{"href":"https:\/\/baldumarket.lt\/lt\/wp-json\/wp\/v2\/product\/223114","targetHints":{"allow":["GET"]}}],"collection":[{"href":"https:\/\/baldumarket.lt\/lt\/wp-json\/wp\/v2\/product"}],"about":[{"href":"https:\/\/baldumarket.lt\/lt\/wp-json\/wp\/v2\/types\/product"}],"replies":[{"embeddable":true,"href":"https:\/\/baldumarket.lt\/lt\/wp-json\/wp\/v2\/comments?post=223114"}],"wp:featuredmedia":[{"embeddable":true,"href":"https:\/\/baldumarket.lt\/lt\/wp-json\/wp\/v2\/media\/223154"}],"wp:attachment":[{"href":"https:\/\/baldumarket.lt\/lt\/wp-json\/wp\/v2\/media?parent=223114"}],"wp:term":[{"taxonomy":"product_brand","embeddable":true,"href":"https:\/\/baldumarket.lt\/lt\/wp-json\/wp\/v2\/product_brand?post=223114"},{"taxonomy":"product_cat","embeddable":true,"href":"https:\/\/baldumarket.lt\/lt\/wp-json\/wp\/v2\/product_cat?post=223114"},{"taxonomy":"product_tag","embeddable":true,"href":"https:\/\/baldumarket.lt\/lt\/wp-json\/wp\/v2\/product_tag?post=223114"}],"curies":[{"name":"wp","href":"https:\/\/api.w.org\/{rel}","templated":true}]}}