{"id":223111,"date":"2025-12-28T00:39:58","date_gmt":"2025-12-27T21:39:58","guid":{"rendered":"https:\/\/baldumarket.lt\/?post_type=product&#038;p=223111"},"modified":"2026-02-03T23:10:21","modified_gmt":"2026-02-03T20:10:21","slug":"naroznik-flavio-u-form-funkcja-spania-pojemniki","status":"publish","type":"product","link":"https:\/\/baldumarket.lt\/lt\/product\/naroznik-flavio-u-form-funkcja-spania-pojemniki\/","title":{"rendered":"Flavio U formos kampin\u0117 sofa, miegojimo funkcija, konteineriai"},"content":{"rendered":"<p>\u201cFlavio\u201d U formos kampin\u0117 sofa (1F + 2F + 3F) turi du patalyn\u0117s skyrius, kuriuose galite laikyti \u012fvairius daiktus, kurie anks\u010diau buvo laikomi spintose ar komodose. Sofa turi patogi\u0105 ir nesud\u0117ting\u0105 \u201eDelfino\u201c miegojimo funkcij\u0105. S\u0117dyn\u0117s pagalv\u0117l\u0117s pagamintos i\u0161 vingiuot\u0173 spyruokli\u0173 ir didelio elastingumo HR put\u0173, o atlo\u0161o pagalv\u0117l\u0117s u\u017epildytos poliuretano-silikono \u012fd\u0117klu. \u0160i konstrukcija garantuoja patvarum\u0105 ir komfort\u0105. Visas baldas stovi ant metalin\u0117s kojos, kuri suteikia elegancijos ir lengvumo. Kampin\u0117 sofa yra de\u0161inin\u0117s ir kair\u0117s pus\u0117s. Apmu\u0161al\u0173 pavyzd\u017ei\u0173 galite rasti \u201eProduct Creator\u201c svetain\u0117je.<\/p>","protected":false},"excerpt":{"rendered":"<p>\u201cFlavio\u201d U formos kampin\u0117 sofa (1A + 2A + 3A) turi du patalyn\u0117s skyrius, kuriuose galite laikyti \u012fvairius daiktus, kurie anks\u010diau buvo laikomi spintose ar komodose. Sofa turi patogi\u0105 ir lengv\u0105 \u201edelfino\u201c miegojimo funkcij\u0105. S\u0117dyn\u0117s pagalv\u0117l\u0117s pagamintos i\u0161 vingiuot\u0173 spyruokli\u0173 ir didelio elastingumo HR put\u0173, o [\u2026]<\/p>","protected":false},"featured_media":223131,"comment_status":"open","ping_status":"closed","template":"","meta":[],"product_brand":[],"product_cat":[7906,616,1982],"product_tag":[],"class_list":{"0":"post-223111","1":"product","2":"type-product","3":"status-publish","4":"has-post-thumbnail","6":"product_cat-comforteo","7":"product_cat-corners","8":"product_cat-corners-u","10":"first","11":"instock","12":"shipping-taxable","13":"product-type-grouped"},"_links":{"self":[{"href":"https:\/\/baldumarket.lt\/lt\/wp-json\/wp\/v2\/product\/223111","targetHints":{"allow":["GET"]}}],"collection":[{"href":"https:\/\/baldumarket.lt\/lt\/wp-json\/wp\/v2\/product"}],"about":[{"href":"https:\/\/baldumarket.lt\/lt\/wp-json\/wp\/v2\/types\/product"}],"replies":[{"embeddable":true,"href":"https:\/\/baldumarket.lt\/lt\/wp-json\/wp\/v2\/comments?post=223111"}],"wp:featuredmedia":[{"embeddable":true,"href":"https:\/\/baldumarket.lt\/lt\/wp-json\/wp\/v2\/media\/223131"}],"wp:attachment":[{"href":"https:\/\/baldumarket.lt\/lt\/wp-json\/wp\/v2\/media?parent=223111"}],"wp:term":[{"taxonomy":"product_brand","embeddable":true,"href":"https:\/\/baldumarket.lt\/lt\/wp-json\/wp\/v2\/product_brand?post=223111"},{"taxonomy":"product_cat","embeddable":true,"href":"https:\/\/baldumarket.lt\/lt\/wp-json\/wp\/v2\/product_cat?post=223111"},{"taxonomy":"product_tag","embeddable":true,"href":"https:\/\/baldumarket.lt\/lt\/wp-json\/wp\/v2\/product_tag?post=223111"}],"curies":[{"name":"wp","href":"https:\/\/api.w.org\/{rel}","templated":true}]}}