{"id":223068,"date":"2025-12-28T00:37:22","date_gmt":"2025-12-27T21:37:22","guid":{"rendered":"https:\/\/baldumarket.lt\/?post_type=product&#038;p=223068"},"modified":"2026-02-03T23:10:23","modified_gmt":"2026-02-03T20:10:23","slug":"naroznik-flavio-zamkniety-funkcja-spania-pojemnik-szybka-wysylka-comforteo-gr2","status":"publish","type":"product","link":"https:\/\/baldumarket.lt\/lt\/product\/naroznik-flavio-zamkniety-funkcja-spania-pojemnik-szybka-wysylka-comforteo-gr2\/","title":{"rendered":"Flavio u\u017edara kampin\u0117 sofa, miegojimo funkcija, daiktad\u0117\u017e\u0117, greitas pristatymas! COMFORTEO Gr2"},"content":{"rendered":"<p>U\u017edara kampin\u0117 sofa \u201eFlavio\u201c turi \u201eDolphin\u201c miegojimo funkcij\u0105, kuri\u0105 galima greitai ir lengvai transformuoti \u012f erdvi\u0105 miegam\u0105j\u0105 zon\u0105. Dar viena naudinga savyb\u0117 \u2013 patalyn\u0117s skyrius. Ji taip pat si\u016blo daug vietos papildomiems daiktams ar smulkiems daiktams susid\u0117ti. S\u0117dyn\u0117s pagalv\u0117l\u0117s pagamintos i\u0161 didelio elastingumo HR put\u0173 ir vingiuot\u0173 spyruokli\u0173. Atlo\u0161o pagalv\u0117l\u0117s, u\u017epildytos poliuretano ir silikono mi\u0161iniu, u\u017ebaigia i\u0161vaizd\u0105. \u0160ios s\u0117dyn\u0117s ir atlo\u0161o pagalv\u0117l\u0117s daro \u0161\u012f bald\u0105 labai patogiu ir patvariu. Metalin\u0117s kojel\u0117s yra konstrukcinis ir dekoratyvinis elementas, pabr\u0117\u017eiantis eleganti\u0161k\u0105 ir presti\u017ein\u012f kampin\u0117s sofos charakter\u012f. Baldai galioja kairin\u0117s ir de\u0161inin\u0117s pus\u0117s versijomis. Pasi\u016blymas galioja \u201eFlavio\u201c kampinei sofai su \u201ePerfect Harmony 04, 82\u201c audiniais.<\/p>","protected":false},"excerpt":{"rendered":"<p>Plotis: 285 cm<br \/>\nGylis: 214 cm<br \/>\nAuk\u0161tis: 91 cm<br \/>\nS\u0117dyn\u0117s gylis: 55 cm<br \/>\nS\u0117dyn\u0117s auk\u0161tis: 46 cm<\/p>","protected":false},"featured_media":223094,"comment_status":"open","ping_status":"closed","template":"","meta":[],"product_brand":[],"product_cat":[9133],"product_tag":[],"class_list":{"0":"post-223068","1":"product","2":"type-product","3":"status-publish","4":"has-post-thumbnail","6":"product_cat-grouped","8":"first","9":"instock","10":"shipping-taxable","11":"purchasable","12":"product-type-variable","13":"wvs-archive-product-wrapper"},"_links":{"self":[{"href":"https:\/\/baldumarket.lt\/lt\/wp-json\/wp\/v2\/product\/223068","targetHints":{"allow":["GET"]}}],"collection":[{"href":"https:\/\/baldumarket.lt\/lt\/wp-json\/wp\/v2\/product"}],"about":[{"href":"https:\/\/baldumarket.lt\/lt\/wp-json\/wp\/v2\/types\/product"}],"replies":[{"embeddable":true,"href":"https:\/\/baldumarket.lt\/lt\/wp-json\/wp\/v2\/comments?post=223068"}],"wp:featuredmedia":[{"embeddable":true,"href":"https:\/\/baldumarket.lt\/lt\/wp-json\/wp\/v2\/media\/223094"}],"wp:attachment":[{"href":"https:\/\/baldumarket.lt\/lt\/wp-json\/wp\/v2\/media?parent=223068"}],"wp:term":[{"taxonomy":"product_brand","embeddable":true,"href":"https:\/\/baldumarket.lt\/lt\/wp-json\/wp\/v2\/product_brand?post=223068"},{"taxonomy":"product_cat","embeddable":true,"href":"https:\/\/baldumarket.lt\/lt\/wp-json\/wp\/v2\/product_cat?post=223068"},{"taxonomy":"product_tag","embeddable":true,"href":"https:\/\/baldumarket.lt\/lt\/wp-json\/wp\/v2\/product_tag?post=223068"}],"curies":[{"name":"wp","href":"https:\/\/api.w.org\/{rel}","templated":true}]}}