{"id":22306,"date":"2025-11-14T14:20:26","date_gmt":"2025-11-14T11:20:26","guid":{"rendered":"https:\/\/baldumarket.lt\/product\/nevio-orzech-burgundia-beton\/"},"modified":"2026-03-24T18:21:03","modified_gmt":"2026-03-24T15:21:03","slug":"nevio-orzech-burgundia-beton","status":"publish","type":"product","link":"https:\/\/baldumarket.lt\/lt\/product\/nevio-orzech-burgundia-beton\/","title":{"rendered":"Nevio \/ Burgundijos rie\u0161utmedis \/ Betonas"},"content":{"rendered":"<p>\u201eNevio\u201c \u2013 \u012fdomus ir unikalus dviej\u0173 auk\u0161t\u0173 stalas, kurio matmenys \u2013 75 x 75 x 39 cm ir 65 x 65 x 34 cm. Viena vertus, jis \u017eavi netradicine apdaila, kita vertus, tai puikus sprendimas industrinio stiliaus m\u0117g\u0117jams. Kiti d\u0117mesio verti elementai \u2013 stalvir\u0161is, pagamintas i\u0161 18 mm storio laminuotos plok\u0161t\u0117s, ir juodos plienin\u0117s kojel\u0117s, suteikian\u010dios \u0161iai 21 kilogram\u0105 sverian\u010diai konstrukcijai \u012fdomi\u0105 apdail\u0105. Nuo\u0161ird\u017eiai rekomenduojame m\u016bs\u0173 \u201eNevio\u201c stal\u0105, kuris bus unikalus j\u016bs\u0173 svetain\u0117s papildymas.<\/p>","protected":false},"excerpt":{"rendered":"<p>\u201eNevio\u201c \u2013 \u012fdomus ir unikalus dviej\u0173 auk\u0161t\u0173 stalas, kurio matmenys \u2013 75 x 75 x 39 cm ir 65 x 65 x 34 cm. Viena vertus, jis \u017eavi netradicine apdaila, kita vertus, tai puikus sprendimas pramoninio stiliaus \u017einovams. Kiti d\u0117mesio verti elementai \u2013 stalvir\u0161is, pagamintas i\u0161 18 mm storio [\u2026]<\/p>","protected":false},"featured_media":22307,"comment_status":"open","ping_status":"open","template":"","meta":[],"product_brand":[],"product_cat":[866,2012,9176],"product_tag":[],"class_list":{"0":"post-22306","1":"product","2":"type-product","3":"status-publish","4":"has-post-thumbnail","6":"product_cat-coffee-tables","7":"product_cat-eltap","8":"product_cat-coffee-tables-eltap","9":"pa_frame-material-undefined","10":"pa_frame-material-type-undefined","11":"pa_leg-color-undefined","12":"pa_leg-material-undefined","13":"pa_linen-box-undefined","14":"pa_main-color-gray","15":"pa_price-group-basic","16":"pa_seat-depth-undefined","17":"pa_seat-width-undefined","18":"pa_sleep-function-undefined","19":"pa_sleeping-area-length-undefined","20":"pa_sleeping-area-width-undefined","21":"pa_style-undefined","22":"pa_textile-nut-burgundia-beton","23":"pa_upholstery-material-undefined","25":"first","26":"instock","27":"purchasable","28":"product-type-simple"},"_links":{"self":[{"href":"https:\/\/baldumarket.lt\/lt\/wp-json\/wp\/v2\/product\/22306","targetHints":{"allow":["GET"]}}],"collection":[{"href":"https:\/\/baldumarket.lt\/lt\/wp-json\/wp\/v2\/product"}],"about":[{"href":"https:\/\/baldumarket.lt\/lt\/wp-json\/wp\/v2\/types\/product"}],"replies":[{"embeddable":true,"href":"https:\/\/baldumarket.lt\/lt\/wp-json\/wp\/v2\/comments?post=22306"}],"wp:featuredmedia":[{"embeddable":true,"href":"https:\/\/baldumarket.lt\/lt\/wp-json\/wp\/v2\/media\/22307"}],"wp:attachment":[{"href":"https:\/\/baldumarket.lt\/lt\/wp-json\/wp\/v2\/media?parent=22306"}],"wp:term":[{"taxonomy":"product_brand","embeddable":true,"href":"https:\/\/baldumarket.lt\/lt\/wp-json\/wp\/v2\/product_brand?post=22306"},{"taxonomy":"product_cat","embeddable":true,"href":"https:\/\/baldumarket.lt\/lt\/wp-json\/wp\/v2\/product_cat?post=22306"},{"taxonomy":"product_tag","embeddable":true,"href":"https:\/\/baldumarket.lt\/lt\/wp-json\/wp\/v2\/product_tag?post=22306"}],"curies":[{"name":"wp","href":"https:\/\/api.w.org\/{rel}","templated":true}]}}