{"id":223047,"date":"2025-12-28T00:36:19","date_gmt":"2025-12-27T21:36:19","guid":{"rendered":"https:\/\/baldumarket.lt\/?post_type=product&#038;p=223047"},"modified":"2026-02-03T23:10:24","modified_gmt":"2026-02-03T20:10:24","slug":"naroznik-florence-funkcja-spania-pojemnik-gr4","status":"publish","type":"product","link":"https:\/\/baldumarket.lt\/lt\/product\/naroznik-florence-funkcja-spania-pojemnik-gr4\/","title":{"rendered":"Florence kampin\u0117 sofa, miegojimo funkcija, Gr4 konteineris"},"content":{"rendered":"<p>Kompakti\u0161ka kampin\u0117 sofa \u201eFlorence\u201c su kasdienio miegojimo funkcija (DL) i\u0161siskiria i\u0161 kit\u0173 pana\u0161i\u0173 komplekt\u0173 patraukliu stiliumi, kur\u012f pary\u0161kina dygsniuota ir i\u0161skirtin\u0117 s\u0117dyn\u0117. D\u0117l vidutini\u0173 matmen\u0173 ji puikiai tinka \u0161iuolaikin\u0117ms svetain\u0117ms ir darbo erdv\u0117ms. Kampin\u0117 sofa turi tris atlo\u0161o pagalv\u0117les, u\u017etikrinan\u010dias tvirt\u0105 nugaros atram\u0105. Nuotraukose matomos dekoratyvin\u0117s pagalv\u0117l\u0117s \u012f komplekt\u0105 ne\u012feina. Komfort\u0105 u\u017etikrina vingiuotos spyruokl\u0117s ir \u201eBonnell\u201c spyruokl\u0117s s\u0117dyn\u0117je. Prakti\u0161ka patalyn\u0117s d\u0117\u017e\u0117 ir auk\u0161tos (12 cm) juodos kojel\u0117s u\u017ebaigia i\u0161vaizd\u0105. Komplektas tiekiamas de\u0161inin\u0117s, tiek kair\u0117s rankos versijomis ir reikalauja minimalaus surinkimo. Kampin\u0117 sofa si\u016bloma su \u012fvairiais apmu\u0161alais, kuri\u0173 pavyzd\u017eius galite rasti \u201eProduct Creator\u201c svetain\u0117je.<\/p>","protected":false},"excerpt":{"rendered":"<p>Plotis: 280 cm<br \/>\nGylis: 166 cm<br \/>\nAuk\u0161tis: 95 cm<br \/>\nS\u0117dyn\u0117s gylis: 58 cm<br \/>\nS\u0117dyn\u0117s auk\u0161tis: 45 cm<\/p>","protected":false},"featured_media":223083,"comment_status":"open","ping_status":"closed","template":"","meta":[],"product_brand":[],"product_cat":[9133],"product_tag":[],"class_list":{"0":"post-223047","1":"product","2":"type-product","3":"status-publish","4":"has-post-thumbnail","6":"product_cat-grouped","8":"first","9":"instock","10":"shipping-taxable","11":"purchasable","12":"product-type-variable","13":"wvs-archive-product-wrapper"},"_links":{"self":[{"href":"https:\/\/baldumarket.lt\/lt\/wp-json\/wp\/v2\/product\/223047","targetHints":{"allow":["GET"]}}],"collection":[{"href":"https:\/\/baldumarket.lt\/lt\/wp-json\/wp\/v2\/product"}],"about":[{"href":"https:\/\/baldumarket.lt\/lt\/wp-json\/wp\/v2\/types\/product"}],"replies":[{"embeddable":true,"href":"https:\/\/baldumarket.lt\/lt\/wp-json\/wp\/v2\/comments?post=223047"}],"wp:featuredmedia":[{"embeddable":true,"href":"https:\/\/baldumarket.lt\/lt\/wp-json\/wp\/v2\/media\/223083"}],"wp:attachment":[{"href":"https:\/\/baldumarket.lt\/lt\/wp-json\/wp\/v2\/media?parent=223047"}],"wp:term":[{"taxonomy":"product_brand","embeddable":true,"href":"https:\/\/baldumarket.lt\/lt\/wp-json\/wp\/v2\/product_brand?post=223047"},{"taxonomy":"product_cat","embeddable":true,"href":"https:\/\/baldumarket.lt\/lt\/wp-json\/wp\/v2\/product_cat?post=223047"},{"taxonomy":"product_tag","embeddable":true,"href":"https:\/\/baldumarket.lt\/lt\/wp-json\/wp\/v2\/product_tag?post=223047"}],"curies":[{"name":"wp","href":"https:\/\/api.w.org\/{rel}","templated":true}]}}