{"id":223040,"date":"2025-12-28T00:35:41","date_gmt":"2025-12-27T21:35:41","guid":{"rendered":"https:\/\/baldumarket.lt\/?post_type=product&#038;p=223040"},"modified":"2026-02-03T23:10:24","modified_gmt":"2026-02-03T20:10:24","slug":"naroznik-giorgia","status":"publish","type":"product","link":"https:\/\/baldumarket.lt\/lt\/product\/naroznik-giorgia\/","title":{"rendered":"D\u017eord\u017eo kampelis"},"content":{"rendered":"<p>\u201eGiorgia\u201c kampin\u0117 sofa \u012fk\u016bnija minimalistinio dizaino esm\u0119 su rafinuoto stiliaus prisilietimu. \u0160varios linijos ir harmoningos proporcijos puikiai papildo tiek modern\u0173, tiek klasikin\u012f interjer\u0105. Subtil\u016bs apvadai ir auk\u0161tos kojel\u0117s suteikia \u0161iam modeliui lengvumo ir rafinuoto elegancijos bet kuriai erdvei.<\/p>","protected":false},"excerpt":{"rendered":"<p>\u201eGiorgia\u201c kampin\u0117 sofa \u012fk\u016bnija minimalistinio dizaino esm\u0119 su rafinuoto stiliaus prisilietimu. \u0160varios linijos ir harmoningos proporcijos puikiai papildo tiek modern\u0173, tiek klasikin\u012f interjer\u0105. Subtil\u016bs apvadai ir auk\u0161tos kojel\u0117s suteikia \u0161iam modeliui lengvumo ir rafinuoto elegancijos bet kuriai erdvei.<\/p>","protected":false},"featured_media":223060,"comment_status":"open","ping_status":"closed","template":"","meta":[],"product_brand":[],"product_cat":[7906,616,1983],"product_tag":[],"class_list":{"0":"post-223040","1":"product","2":"type-product","3":"status-publish","4":"has-post-thumbnail","6":"product_cat-comforteo","7":"product_cat-corners","8":"product_cat-corners-l","10":"first","11":"instock","12":"shipping-taxable","13":"product-type-grouped"},"_links":{"self":[{"href":"https:\/\/baldumarket.lt\/lt\/wp-json\/wp\/v2\/product\/223040","targetHints":{"allow":["GET"]}}],"collection":[{"href":"https:\/\/baldumarket.lt\/lt\/wp-json\/wp\/v2\/product"}],"about":[{"href":"https:\/\/baldumarket.lt\/lt\/wp-json\/wp\/v2\/types\/product"}],"replies":[{"embeddable":true,"href":"https:\/\/baldumarket.lt\/lt\/wp-json\/wp\/v2\/comments?post=223040"}],"wp:featuredmedia":[{"embeddable":true,"href":"https:\/\/baldumarket.lt\/lt\/wp-json\/wp\/v2\/media\/223060"}],"wp:attachment":[{"href":"https:\/\/baldumarket.lt\/lt\/wp-json\/wp\/v2\/media?parent=223040"}],"wp:term":[{"taxonomy":"product_brand","embeddable":true,"href":"https:\/\/baldumarket.lt\/lt\/wp-json\/wp\/v2\/product_brand?post=223040"},{"taxonomy":"product_cat","embeddable":true,"href":"https:\/\/baldumarket.lt\/lt\/wp-json\/wp\/v2\/product_cat?post=223040"},{"taxonomy":"product_tag","embeddable":true,"href":"https:\/\/baldumarket.lt\/lt\/wp-json\/wp\/v2\/product_tag?post=223040"}],"curies":[{"name":"wp","href":"https:\/\/api.w.org\/{rel}","templated":true}]}}