{"id":223007,"date":"2025-12-28T00:33:48","date_gmt":"2025-12-27T21:33:48","guid":{"rendered":"https:\/\/baldumarket.lt\/?post_type=product&#038;p=223007"},"modified":"2026-02-03T23:10:26","modified_gmt":"2026-02-03T20:10:26","slug":"naroznik-lavar-funkcja-spania-pojemniki-gr2","status":"publish","type":"product","link":"https:\/\/baldumarket.lt\/lt\/product\/naroznik-lavar-funkcja-spania-pojemniki-gr2\/","title":{"rendered":"Lavar kampin\u0117 sofa, miegojimo funkcija, Gr2 konteineriai"},"content":{"rendered":"<p>Unikali \u201eLavar\u201c kampin\u0117 sofa derina modern\u0173 ir klasikin\u012f dizain\u0105. Paprastos s\u0117dyn\u0117s ir atlo\u0161o pagalv\u0117li\u0173 linijos, pary\u0161kintos dekoratyviniais apvadais, kontrastuoja su eleganti\u0161kais s\u0117dyni\u0173 prieki\u0173 raukiniais ir drapiruot\u0117mis. Auk\u0161tos (12 cm) juodos metalin\u0117s kojel\u0117s u\u017ebaigia i\u0161vaizd\u0105. Sofa turi DL miegojimo funkcij\u0105, kuri greitai ir lengvai suteikia erdvi\u0105 erdv\u0119 poilsiui tiek nakt\u012f, tiek dien\u0105. I\u0161skleidimo proces\u0105 palengvina automatiniai spyruokliniai mechanizmai, reikalaujantys minimalios j\u0117gos. Erdviame patalyn\u0117s skyriuje taip pat galima laikyti papildom\u0105 antklod\u0119 ar u\u017etiesal\u0105. Banguotos spyruokl\u0117s, \u201eBonnell\u201c spyruokl\u0117s ir didelio elastingumo putplastis s\u0117dyni\u0173 pagalv\u0117l\u0117se u\u017etikrina komfort\u0105. Komplekt\u0105 galima u\u017esisakyti kairiosios arba de\u0161iniosios pus\u0117s versijos ir jam surinkti reikia minimalaus kiekio. Apmu\u0161al\u0173 audini\u0173 pavyzd\u017eius galite rasti \u201eProduct Creator\u201c svetain\u0117je.<\/p>","protected":false},"excerpt":{"rendered":"<p>Plotis: 268 cm<br \/>\nGylis: 174 cm<br \/>\nAuk\u0161tis: 93 cm<br \/>\nS\u0117dyn\u0117s gylis: 58 cm<br \/>\nS\u0117dyn\u0117s auk\u0161tis: 46 cm<\/p>","protected":false},"featured_media":223049,"comment_status":"open","ping_status":"closed","template":"","meta":[],"product_brand":[],"product_cat":[9133],"product_tag":[],"class_list":{"0":"post-223007","1":"product","2":"type-product","3":"status-publish","4":"has-post-thumbnail","6":"product_cat-grouped","8":"first","9":"instock","10":"shipping-taxable","11":"purchasable","12":"product-type-variable","13":"wvs-archive-product-wrapper"},"_links":{"self":[{"href":"https:\/\/baldumarket.lt\/lt\/wp-json\/wp\/v2\/product\/223007","targetHints":{"allow":["GET"]}}],"collection":[{"href":"https:\/\/baldumarket.lt\/lt\/wp-json\/wp\/v2\/product"}],"about":[{"href":"https:\/\/baldumarket.lt\/lt\/wp-json\/wp\/v2\/types\/product"}],"replies":[{"embeddable":true,"href":"https:\/\/baldumarket.lt\/lt\/wp-json\/wp\/v2\/comments?post=223007"}],"wp:featuredmedia":[{"embeddable":true,"href":"https:\/\/baldumarket.lt\/lt\/wp-json\/wp\/v2\/media\/223049"}],"wp:attachment":[{"href":"https:\/\/baldumarket.lt\/lt\/wp-json\/wp\/v2\/media?parent=223007"}],"wp:term":[{"taxonomy":"product_brand","embeddable":true,"href":"https:\/\/baldumarket.lt\/lt\/wp-json\/wp\/v2\/product_brand?post=223007"},{"taxonomy":"product_cat","embeddable":true,"href":"https:\/\/baldumarket.lt\/lt\/wp-json\/wp\/v2\/product_cat?post=223007"},{"taxonomy":"product_tag","embeddable":true,"href":"https:\/\/baldumarket.lt\/lt\/wp-json\/wp\/v2\/product_tag?post=223007"}],"curies":[{"name":"wp","href":"https:\/\/api.w.org\/{rel}","templated":true}]}}