{"id":222989,"date":"2025-12-28T00:33:04","date_gmt":"2025-12-27T21:33:04","guid":{"rendered":"https:\/\/baldumarket.lt\/?post_type=product&#038;p=222989"},"modified":"2026-02-03T23:10:27","modified_gmt":"2026-02-03T20:10:27","slug":"naroznik-lima-funkcja-spania-pojemnik-regulowane-zaglowki-gr1","status":"publish","type":"product","link":"https:\/\/baldumarket.lt\/lt\/product\/naroznik-lima-funkcja-spania-pojemnik-regulowane-zaglowki-gr1\/","title":{"rendered":"Lima kampin\u0117 sofa, miegojimo funkcija, konteineris, reguliuojamos galvos atramos Gr1"},"content":{"rendered":"<p>Kampin\u0117 sofa \u201eLima\u201c turi reguliuojamas galvos atramas, tod\u0117l galite pritaikyti j\u0173 pad\u0117t\u012f pagal savo poreikius. Miegamoji dalis \u201eDolphin\u201c leid\u017eia greitai ir lengvai paversti sof\u0105 patogia vieta nakties poilsiui. Patalyn\u0117 suteikia papildomos vietos daiktams susid\u0117ti. S\u0117dyn\u0117s pagalv\u0117l\u0117s pagamintos i\u0161 patogi\u0173 ir patvari\u0173, didelio elastingumo put\u0173 ir vingiuot\u0173 spyruokli\u0173. I\u0161skirtinis \u0161io baldo bruo\u017eas \u2013 juodas apvadas ir ki\u0161en\u0117s \u0161onuose. Kampin\u0117 sofa yra de\u0161inin\u0117s ir kair\u0117s pus\u0117s versij\u0173. Audini\u0173 pavyzd\u017eius baldams galite rasti \u201eProduct Creator\u201c svetain\u0117je.<\/p>","protected":false},"excerpt":{"rendered":"<p>Plotis: 219 cm<br \/>\nGylis: 165 cm<br \/>\nAuk\u0161tis: 84 cm<br \/>\nDid\u017eiausias auk\u0161tis: 99 cm<br \/>\nS\u0117dyn\u0117s gylis: 59 cm<\/p>","protected":false},"featured_media":223031,"comment_status":"open","ping_status":"closed","template":"","meta":[],"product_brand":[],"product_cat":[9133],"product_tag":[],"class_list":{"0":"post-222989","1":"product","2":"type-product","3":"status-publish","4":"has-post-thumbnail","6":"product_cat-grouped","8":"first","9":"instock","10":"shipping-taxable","11":"purchasable","12":"product-type-variable","13":"wvs-archive-product-wrapper"},"_links":{"self":[{"href":"https:\/\/baldumarket.lt\/lt\/wp-json\/wp\/v2\/product\/222989","targetHints":{"allow":["GET"]}}],"collection":[{"href":"https:\/\/baldumarket.lt\/lt\/wp-json\/wp\/v2\/product"}],"about":[{"href":"https:\/\/baldumarket.lt\/lt\/wp-json\/wp\/v2\/types\/product"}],"replies":[{"embeddable":true,"href":"https:\/\/baldumarket.lt\/lt\/wp-json\/wp\/v2\/comments?post=222989"}],"wp:featuredmedia":[{"embeddable":true,"href":"https:\/\/baldumarket.lt\/lt\/wp-json\/wp\/v2\/media\/223031"}],"wp:attachment":[{"href":"https:\/\/baldumarket.lt\/lt\/wp-json\/wp\/v2\/media?parent=222989"}],"wp:term":[{"taxonomy":"product_brand","embeddable":true,"href":"https:\/\/baldumarket.lt\/lt\/wp-json\/wp\/v2\/product_brand?post=222989"},{"taxonomy":"product_cat","embeddable":true,"href":"https:\/\/baldumarket.lt\/lt\/wp-json\/wp\/v2\/product_cat?post=222989"},{"taxonomy":"product_tag","embeddable":true,"href":"https:\/\/baldumarket.lt\/lt\/wp-json\/wp\/v2\/product_tag?post=222989"}],"curies":[{"name":"wp","href":"https:\/\/api.w.org\/{rel}","templated":true}]}}