{"id":222982,"date":"2025-12-28T00:32:26","date_gmt":"2025-12-27T21:32:26","guid":{"rendered":"https:\/\/baldumarket.lt\/?post_type=product&#038;p=222982"},"modified":"2026-02-03T23:10:28","modified_gmt":"2026-02-03T20:10:28","slug":"naroznik-medina-funkcja-spania-pojemnik-gr3","status":"publish","type":"product","link":"https:\/\/baldumarket.lt\/lt\/product\/naroznik-medina-funkcja-spania-pojemnik-gr3\/","title":{"rendered":"Medina kampin\u0117 sofa, miegojimo funkcija, Gr3 konteineris"},"content":{"rendered":"<p>Moderni ir itin patogi kampin\u0117 sofa \u201eMedina\u201c pasi\u017eymi unikaliu \u012fd\u0117klu (LUX-SYSTEM), \u012fmontuotu \u012f s\u0117dyn\u0117s pagalv\u0117les, u\u017etikrinan\u010diu auk\u0161t\u0105 komforto lyg\u012f. Zigzago spyruokl\u0117s, \u201eBonnell\u201c spyruokl\u0117s ir itin elastingos poliuretano putos u\u017etikrina patog\u0173 poils\u012f. \u201ePuma\u201c miegojimo funkcija, padedama speciali\u0173 spyruokli\u0173 mechanizm\u0173, u\u017ebaigia i\u0161vaizd\u0105. Prakti\u0161kame patalyn\u0117s skyriuje pufas taip pat yra vietos papildomoms antklod\u0117ms, u\u017etiesalams ir pagalv\u0117ms. Kampin\u0117 sofa si\u016bloma su \u012fvairiais apmu\u0161alais, o pavyzd\u017eius galite rasti \u201eProduct Creator\u201c svetain\u0117je. Ji si\u016bloma kairiarankiams ir de\u0161iniarankiams. Komplekt\u0105 reikia minimalaus surinkimo.<\/p>","protected":false},"excerpt":{"rendered":"<p>Plotis: 243 cm<br \/>\nGylis: 162 cm<br \/>\nAuk\u0161tis: 87 cm<br \/>\nS\u0117dyn\u0117s gylis: 60 cm<br \/>\nS\u0117dyn\u0117s auk\u0161tis: 42 cm<\/p>","protected":false},"featured_media":223009,"comment_status":"open","ping_status":"closed","template":"","meta":[],"product_brand":[],"product_cat":[9133],"product_tag":[],"class_list":{"0":"post-222982","1":"product","2":"type-product","3":"status-publish","4":"has-post-thumbnail","6":"product_cat-grouped","8":"first","9":"instock","10":"shipping-taxable","11":"purchasable","12":"product-type-variable","13":"wvs-archive-product-wrapper"},"_links":{"self":[{"href":"https:\/\/baldumarket.lt\/lt\/wp-json\/wp\/v2\/product\/222982","targetHints":{"allow":["GET"]}}],"collection":[{"href":"https:\/\/baldumarket.lt\/lt\/wp-json\/wp\/v2\/product"}],"about":[{"href":"https:\/\/baldumarket.lt\/lt\/wp-json\/wp\/v2\/types\/product"}],"replies":[{"embeddable":true,"href":"https:\/\/baldumarket.lt\/lt\/wp-json\/wp\/v2\/comments?post=222982"}],"wp:featuredmedia":[{"embeddable":true,"href":"https:\/\/baldumarket.lt\/lt\/wp-json\/wp\/v2\/media\/223009"}],"wp:attachment":[{"href":"https:\/\/baldumarket.lt\/lt\/wp-json\/wp\/v2\/media?parent=222982"}],"wp:term":[{"taxonomy":"product_brand","embeddable":true,"href":"https:\/\/baldumarket.lt\/lt\/wp-json\/wp\/v2\/product_brand?post=222982"},{"taxonomy":"product_cat","embeddable":true,"href":"https:\/\/baldumarket.lt\/lt\/wp-json\/wp\/v2\/product_cat?post=222982"},{"taxonomy":"product_tag","embeddable":true,"href":"https:\/\/baldumarket.lt\/lt\/wp-json\/wp\/v2\/product_tag?post=222982"}],"curies":[{"name":"wp","href":"https:\/\/api.w.org\/{rel}","templated":true}]}}