{"id":222972,"date":"2025-12-28T00:31:44","date_gmt":"2025-12-27T21:31:44","guid":{"rendered":"https:\/\/baldumarket.lt\/?post_type=product&#038;p=222972"},"modified":"2026-02-03T23:10:28","modified_gmt":"2026-02-03T20:10:28","slug":"naroznik-modesto-otwarty-funkcja-spania-pojemnik","status":"publish","type":"product","link":"https:\/\/baldumarket.lt\/lt\/product\/naroznik-modesto-otwarty-funkcja-spania-pojemnik\/","title":{"rendered":"\u201eModesto\u201c atvira kampin\u0117 sofa, miegojimo funkcija, konteineris"},"content":{"rendered":"<p>Moderni \u201eModesto\u201c kampin\u0117 sofa turi \u201eDolphin\u201c miegojimo funkcij\u0105, leid\u017eian\u010di\u0105 patogi\u0105 sof\u0105 paversti jaukia miegojimo vieta. Patalyn\u0117s skyrius suteikia papildomos vietos daiktams laikyti namuose. Jame taip pat telpa papildomos antklod\u0117s ar u\u017etiesalas. Komplektas i\u0161siskiria i\u0161skirtin\u0117mis si\u016bl\u0117mis \u0161onuose. Kampin\u0119 sof\u0105 laiko gra\u017eios, modernios juodo metalo kojel\u0117s. Baldai si\u016blomi su \u012fvairiomis apmu\u0161al\u0173 med\u017eiagomis, kurias galite rasti \u201eProduct Creator\u201c svetain\u0117je. Kampin\u0117 sofa yra kair\u0117s ir de\u0161in\u0117s pus\u0117s.<\/p>","protected":false},"excerpt":{"rendered":"<p>The modern Modesto corner sofa features a Dolphin sleeper function, allowing you to transform the comfortable sofa into a cozy place to sleep. The bedding compartment provides additional storage space in the home. It also holds extra blankets or a throw. The set is distinguished by its distinctive stitching on the sides. The corner sofa [&hellip;]<\/p>","protected":false},"featured_media":222997,"comment_status":"open","ping_status":"closed","template":"","meta":[],"product_brand":[],"product_cat":[7906,616,1983],"product_tag":[],"class_list":{"0":"post-222972","1":"product","2":"type-product","3":"status-publish","4":"has-post-thumbnail","6":"product_cat-comforteo","7":"product_cat-corners","8":"product_cat-corners-l","10":"first","11":"instock","12":"shipping-taxable","13":"product-type-grouped"},"_links":{"self":[{"href":"https:\/\/baldumarket.lt\/lt\/wp-json\/wp\/v2\/product\/222972","targetHints":{"allow":["GET"]}}],"collection":[{"href":"https:\/\/baldumarket.lt\/lt\/wp-json\/wp\/v2\/product"}],"about":[{"href":"https:\/\/baldumarket.lt\/lt\/wp-json\/wp\/v2\/types\/product"}],"replies":[{"embeddable":true,"href":"https:\/\/baldumarket.lt\/lt\/wp-json\/wp\/v2\/comments?post=222972"}],"wp:featuredmedia":[{"embeddable":true,"href":"https:\/\/baldumarket.lt\/lt\/wp-json\/wp\/v2\/media\/222997"}],"wp:attachment":[{"href":"https:\/\/baldumarket.lt\/lt\/wp-json\/wp\/v2\/media?parent=222972"}],"wp:term":[{"taxonomy":"product_brand","embeddable":true,"href":"https:\/\/baldumarket.lt\/lt\/wp-json\/wp\/v2\/product_brand?post=222972"},{"taxonomy":"product_cat","embeddable":true,"href":"https:\/\/baldumarket.lt\/lt\/wp-json\/wp\/v2\/product_cat?post=222972"},{"taxonomy":"product_tag","embeddable":true,"href":"https:\/\/baldumarket.lt\/lt\/wp-json\/wp\/v2\/product_tag?post=222972"}],"curies":[{"name":"wp","href":"https:\/\/api.w.org\/{rel}","templated":true}]}}