{"id":222952,"date":"2025-12-28T00:29:49","date_gmt":"2025-12-27T21:29:49","guid":{"rendered":"https:\/\/baldumarket.lt\/?post_type=product&#038;p=222952"},"modified":"2026-02-03T23:10:30","modified_gmt":"2026-02-03T20:10:30","slug":"naroznik-modesto-u-form-funkcja-spania-pojemnik-gr5","status":"publish","type":"product","link":"https:\/\/baldumarket.lt\/lt\/product\/naroznik-modesto-u-form-funkcja-spania-pojemnik-gr5\/","title":{"rendered":"Modesto U formos kampin\u0117 sofa, miegojimo funkcija, Gr5 konteineris"},"content":{"rendered":"<p>\u201eMadison\u201c U formos kampin\u0117 sofa yra laimingos pasagos formos. Paprast\u0105, modern\u0173 dizain\u0105 pabr\u0117\u017eia patrauklios si\u016bl\u0117s ant porankio ir gra\u017ei metalin\u0117 koja. \u0160is baldas puikiai tinka \u0161eimos susib\u016brimams ar draug\u0173 pri\u0117mimui. Kampin\u0117 sofa turi \u201eDolphin\u201c miegojimo funkcij\u0105, leid\u017eian\u010di\u0105 greitai ir lengvai paversti sof\u0105 erdvia ir patogia miegojimo vieta. \u012emontuotas patalyn\u0117s skyrius suteikia papildomos vietos daiktams susid\u0117ti. Kampin\u0117 sofa yra de\u0161inin\u0117s ir kair\u0117s pus\u0117s, o apmu\u0161al\u0173 pasirinkimas \u2013 platus. Audini\u0173 pavyzd\u017eius galite rasti \u201eProduct Creator\u201c svetain\u0117je.<\/p>","protected":false},"excerpt":{"rendered":"<p>Plotis: 356 cm<br \/>\nGylis: 257 cm<br \/>\nAuk\u0161tis: 91 cm<br \/>\nGylis 2: 178 cm<br \/>\nMiegamasis plotas: 120 \u00d7 220 cm<\/p>","protected":false},"featured_media":222977,"comment_status":"open","ping_status":"closed","template":"","meta":[],"product_brand":[],"product_cat":[9133],"product_tag":[],"class_list":{"0":"post-222952","1":"product","2":"type-product","3":"status-publish","4":"has-post-thumbnail","6":"product_cat-grouped","8":"first","9":"instock","10":"shipping-taxable","11":"purchasable","12":"product-type-variable","13":"wvs-archive-product-wrapper"},"_links":{"self":[{"href":"https:\/\/baldumarket.lt\/lt\/wp-json\/wp\/v2\/product\/222952","targetHints":{"allow":["GET"]}}],"collection":[{"href":"https:\/\/baldumarket.lt\/lt\/wp-json\/wp\/v2\/product"}],"about":[{"href":"https:\/\/baldumarket.lt\/lt\/wp-json\/wp\/v2\/types\/product"}],"replies":[{"embeddable":true,"href":"https:\/\/baldumarket.lt\/lt\/wp-json\/wp\/v2\/comments?post=222952"}],"wp:featuredmedia":[{"embeddable":true,"href":"https:\/\/baldumarket.lt\/lt\/wp-json\/wp\/v2\/media\/222977"}],"wp:attachment":[{"href":"https:\/\/baldumarket.lt\/lt\/wp-json\/wp\/v2\/media?parent=222952"}],"wp:term":[{"taxonomy":"product_brand","embeddable":true,"href":"https:\/\/baldumarket.lt\/lt\/wp-json\/wp\/v2\/product_brand?post=222952"},{"taxonomy":"product_cat","embeddable":true,"href":"https:\/\/baldumarket.lt\/lt\/wp-json\/wp\/v2\/product_cat?post=222952"},{"taxonomy":"product_tag","embeddable":true,"href":"https:\/\/baldumarket.lt\/lt\/wp-json\/wp\/v2\/product_tag?post=222952"}],"curies":[{"name":"wp","href":"https:\/\/api.w.org\/{rel}","templated":true}]}}