{"id":222919,"date":"2025-12-28T00:28:17","date_gmt":"2025-12-27T21:28:17","guid":{"rendered":"https:\/\/baldumarket.lt\/?post_type=product&#038;p=222919"},"modified":"2026-02-03T23:10:31","modified_gmt":"2026-02-03T20:10:31","slug":"naroznik-modesto-zamkniety-funkcja-spania-pojemnik-gr1","status":"publish","type":"product","link":"https:\/\/baldumarket.lt\/lt\/product\/naroznik-modesto-zamkniety-funkcja-spania-pojemnik-gr1\/","title":{"rendered":"\u201eModesto\u201c u\u017edara kampin\u0117 sofa, miegojimo funkcija, Gr1 konteineris"},"content":{"rendered":"<p>U\u017edaro tipo kampin\u0117 \u201eModesto\u201c sofa pasi\u017eymi i\u0161skirtin\u0117mis \u0161onin\u0117mis si\u016bl\u0117mis ir L formos atlo\u0161o pagalv\u0117l\u0117mis. \u0160is patogus baldas turi \u201eDolphin\u201c miegam\u0105j\u0105 dal\u012f ir prakti\u0161k\u0105, erdv\u0173 patalyn\u0117s skyri\u0173. Visas baldas stovi ant juod\u0173 metalini\u0173 kojeli\u0173, suteikian\u010di\u0173 jam lengvumo ir elegancijos. Sofa, kuri\u0105 galima \u012fsigyti tiek de\u0161in\u0117s, tiek kair\u0117s pus\u0117s, yra pagaminta i\u0161 patrauklios audini\u0173 kolekcijos. Apmu\u0161al\u0173 pavyzd\u017ei\u0173 galite rasti \u201eProduct Creator\u201c svetain\u0117je.<\/p>","protected":false},"excerpt":{"rendered":"<p>Plotis: 255 cm<br \/>\nGylis: 257 cm<br \/>\nAuk\u0161tis: 91 cm<br \/>\nS\u0117dyn\u0117s auk\u0161tis: 44 cm<br \/>\nMiegamasis plotas: 120 \u00d7 220 cm<\/p>","protected":false},"featured_media":222963,"comment_status":"open","ping_status":"closed","template":"","meta":[],"product_brand":[],"product_cat":[9133],"product_tag":[],"class_list":{"0":"post-222919","1":"product","2":"type-product","3":"status-publish","4":"has-post-thumbnail","6":"product_cat-grouped","8":"first","9":"instock","10":"shipping-taxable","11":"purchasable","12":"product-type-variable","13":"wvs-archive-product-wrapper"},"_links":{"self":[{"href":"https:\/\/baldumarket.lt\/lt\/wp-json\/wp\/v2\/product\/222919","targetHints":{"allow":["GET"]}}],"collection":[{"href":"https:\/\/baldumarket.lt\/lt\/wp-json\/wp\/v2\/product"}],"about":[{"href":"https:\/\/baldumarket.lt\/lt\/wp-json\/wp\/v2\/types\/product"}],"replies":[{"embeddable":true,"href":"https:\/\/baldumarket.lt\/lt\/wp-json\/wp\/v2\/comments?post=222919"}],"wp:featuredmedia":[{"embeddable":true,"href":"https:\/\/baldumarket.lt\/lt\/wp-json\/wp\/v2\/media\/222963"}],"wp:attachment":[{"href":"https:\/\/baldumarket.lt\/lt\/wp-json\/wp\/v2\/media?parent=222919"}],"wp:term":[{"taxonomy":"product_brand","embeddable":true,"href":"https:\/\/baldumarket.lt\/lt\/wp-json\/wp\/v2\/product_brand?post=222919"},{"taxonomy":"product_cat","embeddable":true,"href":"https:\/\/baldumarket.lt\/lt\/wp-json\/wp\/v2\/product_cat?post=222919"},{"taxonomy":"product_tag","embeddable":true,"href":"https:\/\/baldumarket.lt\/lt\/wp-json\/wp\/v2\/product_tag?post=222919"}],"curies":[{"name":"wp","href":"https:\/\/api.w.org\/{rel}","templated":true}]}}