{"id":222918,"date":"2025-12-28T00:28:16","date_gmt":"2025-12-27T21:28:16","guid":{"rendered":"https:\/\/baldumarket.lt\/?post_type=product&#038;p=222918"},"modified":"2026-02-03T23:10:31","modified_gmt":"2026-02-03T20:10:31","slug":"naroznik-nabu-funkcja-spania-pojemniki","status":"publish","type":"product","link":"https:\/\/baldumarket.lt\/lt\/product\/naroznik-nabu-funkcja-spania-pojemniki\/","title":{"rendered":"Nabu kampin\u0117 sofa, miegojimo funkcija, konteineriai"},"content":{"rendered":"<p>\u201eNabu\u201c L formos kampin\u0117 sofa traukia d\u0117mes\u012f savo stiliumi ir auk\u0161tos kokyb\u0117s meistri\u0161kumu. Jos b\u016bdingos apvalios atlo\u0161o pagalv\u0117l\u0117s skatina poilsio ir atsipalaidavimo akimirkas. Sofa turi DL miego funkcij\u0105, kuri greitai ir lengvai suteikia erdvi\u0105 erdv\u0119 poilsiui tiek nakt\u012f, tiek dien\u0105. I\u0161skleidimo proces\u0105 palengvina automatiniai spyruokliniai mechanizmai, nereikalaujantys ypating\u0173 pastang\u0173. Erdviame patalyn\u0117s skyriuje taip pat galima laikyti papildom\u0105 antklod\u0119 ar u\u017etiesal\u0105. Vingiuotos spyruokl\u0117s, \u201eBonnell\u201c spyruokl\u0117s ir didelio elastingumo putplastis s\u0117dyn\u0117s pagalv\u0117l\u0117se u\u017etikrina komfort\u0105. Komplekt\u0105 galima u\u017esisakyti kairiosios arba de\u0161iniosios pus\u0117s versijos ir j\u012f surinkti labai retai. Apmu\u0161al\u0173 audini\u0173 pavyzd\u017eius galite rasti \u201eProduct Creator\u201c svetain\u0117je.<\/p>","protected":false},"excerpt":{"rendered":"<p>The Nabu L-shaped corner sofa attracts attention with its style and high-quality craftsmanship. Its characteristically rounded backrest cushions encourage moments of rest and relaxation. The sofa features a DL sleep function, which quickly and easily provides a spacious space for resting both night and day. The unfolding process is assisted by automatic spring mechanisms, requiring [&hellip;]<\/p>","protected":false},"featured_media":222937,"comment_status":"open","ping_status":"closed","template":"","meta":[],"product_brand":[],"product_cat":[7906,616,1983],"product_tag":[],"class_list":{"0":"post-222918","1":"product","2":"type-product","3":"status-publish","4":"has-post-thumbnail","6":"product_cat-comforteo","7":"product_cat-corners","8":"product_cat-corners-l","10":"first","11":"instock","12":"shipping-taxable","13":"product-type-grouped"},"_links":{"self":[{"href":"https:\/\/baldumarket.lt\/lt\/wp-json\/wp\/v2\/product\/222918","targetHints":{"allow":["GET"]}}],"collection":[{"href":"https:\/\/baldumarket.lt\/lt\/wp-json\/wp\/v2\/product"}],"about":[{"href":"https:\/\/baldumarket.lt\/lt\/wp-json\/wp\/v2\/types\/product"}],"replies":[{"embeddable":true,"href":"https:\/\/baldumarket.lt\/lt\/wp-json\/wp\/v2\/comments?post=222918"}],"wp:featuredmedia":[{"embeddable":true,"href":"https:\/\/baldumarket.lt\/lt\/wp-json\/wp\/v2\/media\/222937"}],"wp:attachment":[{"href":"https:\/\/baldumarket.lt\/lt\/wp-json\/wp\/v2\/media?parent=222918"}],"wp:term":[{"taxonomy":"product_brand","embeddable":true,"href":"https:\/\/baldumarket.lt\/lt\/wp-json\/wp\/v2\/product_brand?post=222918"},{"taxonomy":"product_cat","embeddable":true,"href":"https:\/\/baldumarket.lt\/lt\/wp-json\/wp\/v2\/product_cat?post=222918"},{"taxonomy":"product_tag","embeddable":true,"href":"https:\/\/baldumarket.lt\/lt\/wp-json\/wp\/v2\/product_tag?post=222918"}],"curies":[{"name":"wp","href":"https:\/\/api.w.org\/{rel}","templated":true}]}}